{"id":82568,"date":"2023-05-31T05:48:27","date_gmt":"2023-05-31T12:48:27","guid":{"rendered":"https:\/\/chemicalsafety.com\/ems-software-fuer-unternehmen\/"},"modified":"2026-04-03T04:13:06","modified_gmt":"2026-04-03T11:13:06","slug":"ems-software-fuer-unternehmen","status":"publish","type":"page","link":"https:\/\/chemicalsafety.com\/de\/ems-software-fuer-unternehmen\/","title":{"rendered":"EMS-Software f\u00fcr Unternehmen"},"content":{"rendered":"\n<div class=\"wp-block-group alignfull solutions-top-section has-background is-layout-flow wp-block-group-is-layout-flow\" style=\"background-color:#e9eff0;padding-bottom:2rem\">\n<div class=\"wp-block-columns are-vertically-aligned-center is-layout-flex wp-container-core-columns-is-layout-28f84493 wp-block-columns-is-layout-flex\">\n<div class=\"wp-block-column is-vertically-aligned-center is-layout-flow wp-block-column-is-layout-flow\">\n<h1 class=\"wp-block-heading\" id=\"h-ems-for-enterprise-management\" style=\"margin-bottom:1.5rem\">EMS f\u00fcr Unternehmensmanagement<\/h1>\n\n\n\n<p>EMS for Enterprise Management ist eine umfassende und anpassbare L\u00f6sung f\u00fcr Gro\u00dfbetriebe. Alle EMS-Module sind enthalten: <a href=\"https:\/\/chemicalsafety.com\/chemical-inventory-tracking-software\/\">Chemikalienbestandsverwaltung<\/a> , <a href=\"https:\/\/chemicalsafety.com\/msds-database\/\">SDS- und GHS-Kennzeichnung<\/a> , <a href=\"https:\/\/chemicalsafety.com\/de\/software-fuer-die-verwaltung-gefaehrlicher-abfaelle\/\">Gefahrstoffabfallmanagement<\/a> , <a href=\"https:\/\/chemicalsafety.com\/de\/verfolgung-von-radioisotopen\/\">Radioisotopen-Tracking-System<\/a> , <a href=\"https:\/\/chemicalsafety.com\/de\/anlagensicherheit-und-compliance\/\">Anlagensicherheit und -konformit\u00e4t<\/a> , <a href=\"https:\/\/chemicalsafety.com\/de\/regulatorische-berichterstattung\/\">Umweltkonformit\u00e4t<\/a> und <a href=\"https:\/\/chemicalsafety.com\/de\/sicherheit-der-mitarbeiter-am-arbeitsplatz\/\">Mitarbeitersicherheit am Arbeitsplatz<\/a> sowie Softwareintegration, globale Ansichten mehrerer Anlagen und Ressourcenplanung , und mehr.  <\/p>\n<\/div>\n\n\n\n<div class=\"wp-block-column is-vertically-aligned-center is-layout-flow wp-block-column-is-layout-flow\">\n<figure class=\"wp-block-image size-large hide-small\"><img decoding=\"async\" src=\"https:\/\/chemicalsafety.com\/wp-content\/uploads\/2022\/10\/enterprise.png\" alt=\"Unternehmen\"\/><\/figure>\n<\/div>\n<\/div>\n<\/div>\n\n<div class=\"wp-block-group alignfull is-layout-flow wp-block-group-is-layout-flow\">\n<div class=\"wp-block-columns are-vertically-aligned-center is-layout-flex wp-container-core-columns-is-layout-28f84493 wp-block-columns-is-layout-flex\">\n<div class=\"wp-block-column is-vertically-aligned-center hide-small is-layout-flow wp-block-column-is-layout-flow\">\n<figure class=\"wp-block-image size-large\"><img decoding=\"async\" src=\"https:\/\/chemicalsafety.com\/wp-content\/uploads\/2022\/10\/enterprise-1.png\" alt=\"\"\/><\/figure>\n<\/div>\n\n\n\n<div class=\"wp-block-column is-vertically-aligned-center is-layout-flow wp-block-column-is-layout-flow\">\n<h2 class=\"wp-block-heading has-text-align-center\" id=\"h-integrations\">Integrationen<\/h2>\n\n\n\n<p class=\"has-text-align-center\">Eine der Schl\u00fcsselkomponenten f\u00fcr den Einsatz einer erfolgreichen EHS-Unternehmenssoftware ist die Integration bestehender Kundensysteme in unsere EMS-Software mithilfe von Anwendungsprogrammierschnittstellen (APIs). APIs verbinden und kommunizieren Datenelemente \u00fcber Software und Datenbanken hinweg, um Informationen f\u00fcr kritische Gesch\u00e4ftsfunktionen auszutauschen.<\/p>\n\n\n\n<p class=\"has-text-align-center\"><a href=\"https:\/\/chemicalsafety.com\/de\/benutzerdefinierte-ehs-integrationen\/\">Erfahren Sie mehr<\/a><\/p>\n<\/div>\n<\/div>\n\n\n\n<div class=\"wp-block-columns are-vertically-aligned-center is-layout-flex wp-container-core-columns-is-layout-28f84493 wp-block-columns-is-layout-flex\">\n<div class=\"wp-block-column is-vertically-aligned-center is-layout-flow wp-block-column-is-layout-flow\">\n<p class=\"has-text-align-center\">ChemicalSafety nutzt integrierte Schnittstellen zum \u00dcbertragen vorhandener Datenelemente aus Chemikalieninventar-, SDS&lt;-Abfall-, Standort-, Mitarbeiter- und anderen Datenbanken, die die Bereitstellung beschleunigen und die Datengenauigkeit erheblich verbessern.<\/p>\n<\/div>\n\n\n\n<div class=\"wp-block-column is-vertically-aligned-center hide-small is-layout-flow wp-block-column-is-layout-flow\">\n<figure class=\"wp-block-image size-large\"><img decoding=\"async\" src=\"https:\/\/chemicalsafety.com\/wp-content\/uploads\/2022\/10\/enterprise-2.png\" alt=\"\"\/><\/figure>\n<\/div>\n<\/div>\n\n\n\n<div class=\"wp-block-columns are-vertically-aligned-center is-layout-flex wp-container-core-columns-is-layout-28f84493 wp-block-columns-is-layout-flex\">\n<div class=\"wp-block-column is-vertically-aligned-center hide-small is-layout-flow wp-block-column-is-layout-flow\">\n<figure class=\"wp-block-image size-large\"><img decoding=\"async\" src=\"https:\/\/chemicalsafety.com\/wp-content\/uploads\/2022\/10\/enterprise-customers.png\" alt=\"\"\/><\/figure>\n<\/div>\n\n\n\n<div class=\"wp-block-column is-vertically-aligned-center is-layout-flow wp-block-column-is-layout-flow\">\n<p class=\"has-text-align-center\">ChemicalSafety hat Unternehmen dabei geholfen, ERP-Anwendungen wie SAP, Oracle PeopleSoft, EPICOR und andere zu verbinden, um Beschaffungs- und Mitarbeiterdatenelemente auszutauschen. \u00c4hnliche API-Schnittstellen wurden f\u00fcr Laborinformationsmanagementsysteme (LIMS), Risikomanagementsysteme, staatliche Berichtssysteme und andere erstellt.<\/p>\n<\/div>\n<\/div>\n<\/div>\n\n<div class=\"wp-block-group alignfull is-layout-flow wp-block-group-is-layout-flow\">\n<div class=\"wp-block-columns is-layout-flex wp-container-core-columns-is-layout-28f84493 wp-block-columns-is-layout-flex\">\n<div class=\"wp-block-column is-layout-flow wp-block-column-is-layout-flow\">\n<div class=\"wp-block-columns are-vertically-aligned-center is-layout-flex wp-container-core-columns-is-layout-28f84493 wp-block-columns-is-layout-flex\">\n<div class=\"wp-block-column is-vertically-aligned-center is-layout-flow wp-block-column-is-layout-flow\">\n<h2 class=\"wp-block-heading has-text-align-left\" id=\"h-our-enterprise-customers-nbsp\">Unsere Unternehmenskunden  <\/h2>\n\n\n\n<p class=\"has-text-align-left\">Viele der weltweit f\u00fchrenden Unternehmen verlassen sich bei der Verwaltung ihrer EHS-Aktivit\u00e4ten auf die EMS-Software von ChemicalSafety. <\/p>\n\n\n\n<div class=\"wp-block-essential-blocks-button cbtn-action hide-small\"><div class=\"eb-parent-wrapper eb-parent-eb-button-46uzmt3 \"><div class=\"eb-button-wrapper eb-button-alignment eb-button-46uzmt3\"><div class=\"eb-button\"><a class=\"eb-button-anchor\" href=\"https:\/\/chemicalsafety.com\/our-clients\/\" rel=\"noopener\">Alle Kunden anzeigen<\/a><\/div><\/div><\/div><\/div>\n<\/div>\n\n\n\n<div class=\"wp-block-column is-vertically-aligned-center is-layout-flow wp-block-column-is-layout-flow\" style=\"flex-basis:65%\">\n<figure class=\"wp-block-image size-large\"><img decoding=\"async\" src=\"https:\/\/chemicalsafety.com\/wp-content\/uploads\/2022\/10\/enterprise-logo-clients.png\" alt=\"\"\/><\/figure>\n\n\n\n<div class=\"wp-block-essential-blocks-button cbtn-action hide-l\"><div class=\"eb-parent-wrapper eb-parent-eb-button-ki6f5qu \"><div class=\"eb-button-wrapper eb-button-alignment eb-button-ki6f5qu\"><div class=\"eb-button\"><a class=\"eb-button-anchor\" href=\"https:\/\/chemicalsafety.com\/our-clients\/\" rel=\"noopener\">Alle Kunden anzeigen<\/a><\/div><\/div><\/div><\/div>\n<\/div>\n<\/div>\n<\/div>\n<\/div>\n<\/div>\n\n<div class=\"wp-block-group alignfull home-banner-call is-layout-flow wp-block-group-is-layout-flow\" style=\"padding-top:4rem\">\n<div class=\"wp-block-columns are-vertically-aligned-center has-background is-layout-flex wp-container-core-columns-is-layout-bc4f5def wp-block-columns-is-layout-flex\" style=\"background-color:#e9eff0;padding-top:5rem;padding-right:5rem;padding-bottom:5rem;padding-left:5rem\">\n<div class=\"wp-block-column is-vertically-aligned-center is-layout-flow wp-block-column-is-layout-flow\" style=\"flex-basis:70%\">\n<h2 class=\"wp-block-heading\" id=\"h-industry-specific-solutions-accelerate-implementation-timelines\">Branchenspezifische L\u00f6sungen beschleunigen<br\/>Zeitpl\u00e4ne f\u00fcr die Implementierung<\/h2>\n<\/div>\n\n\n\n<div class=\"wp-block-column is-vertically-aligned-center is-layout-flow wp-block-column-is-layout-flow\">\n<div class=\"wp-block-essential-blocks-button popmake-74335\"><div class=\"eb-parent-wrapper eb-parent-eb-button-renjftq \"><div class=\"eb-button-wrapper eb-button-alignment eb-button-renjftq\"><div class=\"eb-button\"><a class=\"eb-button-anchor\" href=\"request-a-demo-popup\" rel=\"noopener\">Live-Demo anfordern<\/a><\/div><\/div><\/div><\/div>\n<\/div>\n<\/div>\n<\/div>\n","protected":false},"excerpt":{"rendered":"<p>EMS f\u00fcr Unternehmensmanagement EMS for Enterprise Management ist eine umfassende und anpassbare L\u00f6sung f\u00fcr Gro\u00dfbetriebe. Alle EMS-Module sind enthalten: Chemikalienbestandsverwaltung , SDS- und GHS-Kennzeichnung , Gefahrstoffabfallmanagement , Radioisotopen-Tracking-System , Anlagensicherheit und -konformit\u00e4t , Umweltkonformit\u00e4t und Mitarbeitersicherheit am Arbeitsplatz sowie Softwareintegration, globale Ansichten mehrerer Anlagen und Ressourcenplanung , und mehr. Integrationen Eine der Schl\u00fcsselkomponenten f\u00fcr den [&hellip;]<\/p>\n","protected":false},"author":1,"featured_media":0,"parent":0,"menu_order":0,"comment_status":"closed","ping_status":"open","template":"solutions-page","meta":{"_eb_attr":"","_monsterinsights_skip_tracking":false,"_monsterinsights_sitenote_active":false,"_monsterinsights_sitenote_note":"","_monsterinsights_sitenote_category":0,"footnotes":""},"class_list":["post-82568","page","type-page","status-publish","hentry"],"yoast_head":"<!-- This site is optimized with the Yoast SEO Premium plugin v26.0 (Yoast SEO v26.0) - https:\/\/yoast.com\/wordpress\/plugins\/seo\/ -->\n<title>EMS-Software f\u00fcr Unternehmen<\/title>\n<meta name=\"description\" content=\"SFS ChemicalSafety verf\u00fcgt \u00fcber 26 Jahre Erfahrung in der unternehmensweiten EMS-Implementierung. Erfahren Sie hier mehr dar\u00fcber, wie wir helfen k\u00f6nnen. Erfahren Sie hier mehr dar\u00fcber, wie wir helfen k\u00f6nnen.\" \/>\n<meta name=\"robots\" content=\"index, follow, max-snippet:-1, max-image-preview:large, max-video-preview:-1\" \/>\n<link rel=\"canonical\" href=\"https:\/\/chemicalsafety.com\/de\/ems-software-fuer-unternehmen\/\" \/>\n<meta property=\"og:locale\" content=\"de_DE\" \/>\n<meta property=\"og:type\" content=\"article\" \/>\n<meta property=\"og:title\" content=\"EMS-Software f\u00fcr Unternehmen\" \/>\n<meta property=\"og:description\" content=\"SFS ChemicalSafety verf\u00fcgt \u00fcber 26 Jahre Erfahrung in der unternehmensweiten EMS-Implementierung. Erfahren Sie hier mehr dar\u00fcber, wie wir helfen k\u00f6nnen. Erfahren Sie hier mehr dar\u00fcber, wie wir helfen k\u00f6nnen.\" \/>\n<meta property=\"og:url\" content=\"https:\/\/chemicalsafety.com\/de\/ems-software-fuer-unternehmen\/\" \/>\n<meta property=\"og:site_name\" content=\"ChemicalSafety\" \/>\n<meta property=\"article:publisher\" content=\"https:\/\/www.facebook.com\/Chemical-Safety-Software-1391503304442241\/\" \/>\n<meta property=\"article:modified_time\" content=\"2026-04-03T11:13:06+00:00\" \/>\n<meta property=\"og:image\" content=\"https:\/\/chemicalsafety.com\/wp-content\/uploads\/2022\/10\/enterprise.png\" \/>\n<meta name=\"twitter:card\" content=\"summary_large_image\" \/>\n<meta name=\"twitter:site\" content=\"@chemsafeems\" \/>\n<meta name=\"twitter:label1\" content=\"Gesch\u00e4tzte Lesezeit\" \/>\n\t<meta name=\"twitter:data1\" content=\"1 Minute\" \/>\n<script type=\"application\/ld+json\" class=\"yoast-schema-graph\">{\"@context\":\"https:\/\/schema.org\",\"@graph\":[{\"@type\":\"WebPage\",\"@id\":\"https:\/\/chemicalsafety.com\/de\/ems-software-fuer-unternehmen\/\",\"url\":\"https:\/\/chemicalsafety.com\/de\/ems-software-fuer-unternehmen\/\",\"name\":\"EMS-Software f\u00fcr Unternehmen\",\"isPartOf\":{\"@id\":\"https:\/\/chemicalsafety.com\/de\/#website\"},\"primaryImageOfPage\":{\"@id\":\"https:\/\/chemicalsafety.com\/de\/ems-software-fuer-unternehmen\/#primaryimage\"},\"image\":{\"@id\":\"https:\/\/chemicalsafety.com\/de\/ems-software-fuer-unternehmen\/#primaryimage\"},\"thumbnailUrl\":\"https:\/\/chemicalsafety.com\/wp-content\/uploads\/2022\/10\/enterprise.png\",\"datePublished\":\"2023-05-31T12:48:27+00:00\",\"dateModified\":\"2026-04-03T11:13:06+00:00\",\"description\":\"SFS ChemicalSafety verf\u00fcgt \u00fcber 26 Jahre Erfahrung in der unternehmensweiten EMS-Implementierung. Erfahren Sie hier mehr dar\u00fcber, wie wir helfen k\u00f6nnen. Erfahren Sie hier mehr dar\u00fcber, wie wir helfen k\u00f6nnen.\",\"inLanguage\":\"de-DE\",\"potentialAction\":[{\"@type\":\"ReadAction\",\"target\":[\"https:\/\/chemicalsafety.com\/de\/ems-software-fuer-unternehmen\/\"]}]},{\"@type\":\"ImageObject\",\"inLanguage\":\"de-DE\",\"@id\":\"https:\/\/chemicalsafety.com\/de\/ems-software-fuer-unternehmen\/#primaryimage\",\"url\":\"https:\/\/chemicalsafety.com\/wp-content\/uploads\/2022\/10\/enterprise.png\",\"contentUrl\":\"https:\/\/chemicalsafety.com\/wp-content\/uploads\/2022\/10\/enterprise.png\"},{\"@type\":\"WebSite\",\"@id\":\"https:\/\/chemicalsafety.com\/de\/#website\",\"url\":\"https:\/\/chemicalsafety.com\/de\/\",\"name\":\"ChemicalSafety\",\"description\":\"EH&amp;S Software\",\"publisher\":{\"@id\":\"https:\/\/chemicalsafety.com\/de\/#organization\"},\"alternateName\":\"Chemical Safety Software\",\"potentialAction\":[{\"@type\":\"SearchAction\",\"target\":{\"@type\":\"EntryPoint\",\"urlTemplate\":\"https:\/\/chemicalsafety.com\/de\/?s={search_term_string}\"},\"query-input\":{\"@type\":\"PropertyValueSpecification\",\"valueRequired\":true,\"valueName\":\"search_term_string\"}}],\"inLanguage\":\"de-DE\"},{\"@type\":\"Organization\",\"@id\":\"https:\/\/chemicalsafety.com\/de\/#organization\",\"name\":\"ChemicalSafety\",\"alternateName\":\"Chemical Safety Software\",\"url\":\"https:\/\/chemicalsafety.com\/de\/\",\"logo\":{\"@type\":\"ImageObject\",\"inLanguage\":\"de-DE\",\"@id\":\"https:\/\/chemicalsafety.com\/de\/#\/schema\/logo\/image\/\",\"url\":\"https:\/\/chemicalsafety.com\/wp-content\/uploads\/2018\/01\/logo4.png\",\"contentUrl\":\"https:\/\/chemicalsafety.com\/wp-content\/uploads\/2018\/01\/logo4.png\",\"width\":100,\"height\":100,\"caption\":\"ChemicalSafety\"},\"image\":{\"@id\":\"https:\/\/chemicalsafety.com\/de\/#\/schema\/logo\/image\/\"},\"sameAs\":[\"https:\/\/www.facebook.com\/Chemical-Safety-Software-1391503304442241\/\",\"https:\/\/x.com\/chemsafeems\",\"https:\/\/www.linkedin.com\/company\/chemical-safety-software\/\",\"https:\/\/www.youtube.com\/channel\/UC3i_ZkwvVM2HnmO65fzFu4A\"]}]}<\/script>\n<!-- \/ Yoast SEO Premium plugin. -->","yoast_head_json":{"title":"EMS-Software f\u00fcr Unternehmen","description":"SFS ChemicalSafety verf\u00fcgt \u00fcber 26 Jahre Erfahrung in der unternehmensweiten EMS-Implementierung. Erfahren Sie hier mehr dar\u00fcber, wie wir helfen k\u00f6nnen. Erfahren Sie hier mehr dar\u00fcber, wie wir helfen k\u00f6nnen.","robots":{"index":"index","follow":"follow","max-snippet":"max-snippet:-1","max-image-preview":"max-image-preview:large","max-video-preview":"max-video-preview:-1"},"canonical":"https:\/\/chemicalsafety.com\/de\/ems-software-fuer-unternehmen\/","og_locale":"de_DE","og_type":"article","og_title":"EMS-Software f\u00fcr Unternehmen","og_description":"SFS ChemicalSafety verf\u00fcgt \u00fcber 26 Jahre Erfahrung in der unternehmensweiten EMS-Implementierung. Erfahren Sie hier mehr dar\u00fcber, wie wir helfen k\u00f6nnen. Erfahren Sie hier mehr dar\u00fcber, wie wir helfen k\u00f6nnen.","og_url":"https:\/\/chemicalsafety.com\/de\/ems-software-fuer-unternehmen\/","og_site_name":"ChemicalSafety","article_publisher":"https:\/\/www.facebook.com\/Chemical-Safety-Software-1391503304442241\/","article_modified_time":"2026-04-03T11:13:06+00:00","og_image":[{"url":"https:\/\/chemicalsafety.com\/wp-content\/uploads\/2022\/10\/enterprise.png","type":"","width":"","height":""}],"twitter_card":"summary_large_image","twitter_site":"@chemsafeems","twitter_misc":{"Gesch\u00e4tzte Lesezeit":"1 Minute"},"schema":{"@context":"https:\/\/schema.org","@graph":[{"@type":"WebPage","@id":"https:\/\/chemicalsafety.com\/de\/ems-software-fuer-unternehmen\/","url":"https:\/\/chemicalsafety.com\/de\/ems-software-fuer-unternehmen\/","name":"EMS-Software f\u00fcr Unternehmen","isPartOf":{"@id":"https:\/\/chemicalsafety.com\/de\/#website"},"primaryImageOfPage":{"@id":"https:\/\/chemicalsafety.com\/de\/ems-software-fuer-unternehmen\/#primaryimage"},"image":{"@id":"https:\/\/chemicalsafety.com\/de\/ems-software-fuer-unternehmen\/#primaryimage"},"thumbnailUrl":"https:\/\/chemicalsafety.com\/wp-content\/uploads\/2022\/10\/enterprise.png","datePublished":"2023-05-31T12:48:27+00:00","dateModified":"2026-04-03T11:13:06+00:00","description":"SFS ChemicalSafety verf\u00fcgt \u00fcber 26 Jahre Erfahrung in der unternehmensweiten EMS-Implementierung. Erfahren Sie hier mehr dar\u00fcber, wie wir helfen k\u00f6nnen. Erfahren Sie hier mehr dar\u00fcber, wie wir helfen k\u00f6nnen.","inLanguage":"de-DE","potentialAction":[{"@type":"ReadAction","target":["https:\/\/chemicalsafety.com\/de\/ems-software-fuer-unternehmen\/"]}]},{"@type":"ImageObject","inLanguage":"de-DE","@id":"https:\/\/chemicalsafety.com\/de\/ems-software-fuer-unternehmen\/#primaryimage","url":"https:\/\/chemicalsafety.com\/wp-content\/uploads\/2022\/10\/enterprise.png","contentUrl":"https:\/\/chemicalsafety.com\/wp-content\/uploads\/2022\/10\/enterprise.png"},{"@type":"WebSite","@id":"https:\/\/chemicalsafety.com\/de\/#website","url":"https:\/\/chemicalsafety.com\/de\/","name":"ChemicalSafety","description":"EH&amp;S Software","publisher":{"@id":"https:\/\/chemicalsafety.com\/de\/#organization"},"alternateName":"Chemical Safety Software","potentialAction":[{"@type":"SearchAction","target":{"@type":"EntryPoint","urlTemplate":"https:\/\/chemicalsafety.com\/de\/?s={search_term_string}"},"query-input":{"@type":"PropertyValueSpecification","valueRequired":true,"valueName":"search_term_string"}}],"inLanguage":"de-DE"},{"@type":"Organization","@id":"https:\/\/chemicalsafety.com\/de\/#organization","name":"ChemicalSafety","alternateName":"Chemical Safety Software","url":"https:\/\/chemicalsafety.com\/de\/","logo":{"@type":"ImageObject","inLanguage":"de-DE","@id":"https:\/\/chemicalsafety.com\/de\/#\/schema\/logo\/image\/","url":"https:\/\/chemicalsafety.com\/wp-content\/uploads\/2018\/01\/logo4.png","contentUrl":"https:\/\/chemicalsafety.com\/wp-content\/uploads\/2018\/01\/logo4.png","width":100,"height":100,"caption":"ChemicalSafety"},"image":{"@id":"https:\/\/chemicalsafety.com\/de\/#\/schema\/logo\/image\/"},"sameAs":["https:\/\/www.facebook.com\/Chemical-Safety-Software-1391503304442241\/","https:\/\/x.com\/chemsafeems","https:\/\/www.linkedin.com\/company\/chemical-safety-software\/","https:\/\/www.youtube.com\/channel\/UC3i_ZkwvVM2HnmO65fzFu4A"]}]}},"_links":{"self":[{"href":"https:\/\/chemicalsafety.com\/de\/wp-json\/wp\/v2\/pages\/82568","targetHints":{"allow":["GET"]}}],"collection":[{"href":"https:\/\/chemicalsafety.com\/de\/wp-json\/wp\/v2\/pages"}],"about":[{"href":"https:\/\/chemicalsafety.com\/de\/wp-json\/wp\/v2\/types\/page"}],"author":[{"embeddable":true,"href":"https:\/\/chemicalsafety.com\/de\/wp-json\/wp\/v2\/users\/1"}],"replies":[{"embeddable":true,"href":"https:\/\/chemicalsafety.com\/de\/wp-json\/wp\/v2\/comments?post=82568"}],"version-history":[{"count":0,"href":"https:\/\/chemicalsafety.com\/de\/wp-json\/wp\/v2\/pages\/82568\/revisions"}],"wp:attachment":[{"href":"https:\/\/chemicalsafety.com\/de\/wp-json\/wp\/v2\/media?parent=82568"}],"curies":[{"name":"wp","href":"https:\/\/api.w.org\/{rel}","templated":true}]}}