{"id":82334,"date":"2023-05-30T00:03:19","date_gmt":"2023-05-30T07:03:19","guid":{"rendered":"https:\/\/chemicalsafety.com\/soluciones-industriales-de-software-de-gestion-de-ehs\/"},"modified":"2026-03-20T01:42:53","modified_gmt":"2026-03-20T08:42:53","slug":"soluciones-industriales-de-software-de-gestion-de-ehs","status":"publish","type":"page","link":"https:\/\/chemicalsafety.com\/es\/soluciones-industriales-de-software-de-gestion-de-ehs\/","title":{"rendered":"Soluciones industriales de software de gesti\u00f3n de EHS"},"content":{"rendered":"\n<div class=\"wp-block-group alignfull is-layout-flow wp-block-group-is-layout-flow\">\n<div class=\"wp-block-columns is-layout-flex wp-container-core-columns-is-layout-28f84493 wp-block-columns-is-layout-flex\">\n<div class=\"wp-block-column is-layout-flow wp-block-column-is-layout-flow\"><\/div>\n\n\n\n<div class=\"wp-block-column is-layout-flow wp-block-column-is-layout-flow\" style=\"flex-basis:50%\">\n<h1 class=\"wp-block-heading has-text-align-center has-large-font-size\" id=\"h-ehs-software-industry-solutions\">Soluciones de la industria de software de EHS<\/h1>\n\n\n\n<p class=\"has-text-align-center\">El Sistema de Gesti\u00f3n Ambiental (EMS) de ChemicalSafety es la soluci\u00f3n original y m\u00e1s completa en materia de salud y seguridad ambiental para corporaciones, colegios y universidades, y agencias gubernamentales.<\/p>\n<\/div>\n\n\n\n<div class=\"wp-block-column is-layout-flow wp-block-column-is-layout-flow\"><\/div>\n<\/div>\n\n\n\n<div class=\"wp-block-columns features-page is-layout-flex wp-container-core-columns-is-layout-28f84493 wp-block-columns-is-layout-flex\">\n<div class=\"wp-block-column with-shadow rad is-layout-flow wp-block-column-is-layout-flow\">\n<figure class=\"wp-block-image size-large\"><img decoding=\"async\" src=\"https:\/\/chemicalsafety.com\/wp-content\/uploads\/2022\/10\/life-sciences-1.svg\" alt=\"Ciencias de la Vida\"\/><\/figure>\n\n\n\n<h2 class=\"wp-block-heading\" id=\"h-life-sciences\" style=\"font-size:1.3rem\">Ciencias de la Vida<\/h2>\n\n\n\n<p>Visite nuestra p\u00e1gina sobre el sector de las ciencias biol\u00f3gicas y descubra c\u00f3mo EMS puede ayudarle a resolver muchos de los retos relacionados con la seguridad, la salud y el medio ambiente que son exclusivos de su sector.<br\/> <a href=\"https:\/\/chemicalsafety.com\/es\/ciencias-de-la-vida\/\">M\u00e1s informaci\u00f3n<\/a><\/p>\n<\/div>\n\n\n\n<div class=\"wp-block-column with-shadow rad is-layout-flow wp-block-column-is-layout-flow\">\n<figure class=\"wp-block-image size-large\"><img decoding=\"async\" src=\"https:\/\/chemicalsafety.com\/wp-content\/uploads\/2022\/10\/manufacturing-2.svg\" alt=\"Fabricaci&#xF3;n\"\/><\/figure>\n\n\n\n<h2 class=\"wp-block-heading\" id=\"h-manufacturing\" style=\"font-size:1.3rem\">Fabricaci\u00f3n<\/h2>\n\n\n\n<p>Visite nuestra p\u00e1gina de Fabricaci\u00f3n y descubra c\u00f3mo el Sistema de Gesti\u00f3n Ambiental (SGA) de ChemicalSafety puede ayudarle a resolver muchos desaf\u00edos relacionados con la seguridad, la salud y el medio ambiente (EHS, por sus siglas en ingl\u00e9s).<br\/> <a href=\"https:\/\/chemicalsafety.com\/es\/fabricacion\/\">M\u00e1s informaci\u00f3n<\/a><\/p>\n<\/div>\n\n\n\n<div class=\"wp-block-column with-shadow rad is-layout-flow wp-block-column-is-layout-flow\">\n<figure class=\"wp-block-image size-large\"><img decoding=\"async\" src=\"https:\/\/chemicalsafety.com\/wp-content\/uploads\/2022\/10\/education.svg\" alt=\"Educaci&#xF3;n\"\/><\/figure>\n\n\n\n<h2 class=\"wp-block-heading\" id=\"h-education\" style=\"font-size:1.3rem\">Educaci\u00f3n<\/h2>\n\n\n\n<p>Visite nuestra p\u00e1gina de Educaci\u00f3n Superior y descubra c\u00f3mo EMS puede ayudarle a resolver muchos de los desaf\u00edos relacionados con la seguridad, la salud y el medio ambiente que son espec\u00edficos de su sector.<br\/> <a href=\"https:\/\/chemicalsafety.com\/es\/educacion-mas-alta\/\">M\u00e1s informaci\u00f3n<\/a><\/p>\n<\/div>\n\n\n\n<div class=\"wp-block-column with-shadow rad is-layout-flow wp-block-column-is-layout-flow\">\n<figure class=\"wp-block-image size-large\"><img decoding=\"async\" src=\"https:\/\/chemicalsafety.com\/wp-content\/uploads\/2022\/10\/technology.svg\" alt=\"Tecnolog&#xED;a\"\/><\/figure>\n\n\n\n<h2 class=\"wp-block-heading\" id=\"h-technology\" style=\"font-size:1.3rem\">Tecnolog\u00eda<\/h2>\n\n\n\n<p>Visite nuestra p\u00e1gina del sector tecnol\u00f3gico y descubra c\u00f3mo el sistema de gesti\u00f3n ambiental (SGA) de ChemicalSafety puede ayudarle a resolver muchos de los desaf\u00edos de seguridad, salud y medio ambiente (EHS) propios de su sector.<br\/> <a href=\"https:\/\/chemicalsafety.com\/es\/tecnologia\/\">M\u00e1s informaci\u00f3n<\/a><\/p>\n<\/div>\n<\/div>\n\n<div class=\"wp-block-columns features-page is-layout-flex wp-container-core-columns-is-layout-28f84493 wp-block-columns-is-layout-flex\">\n<div class=\"wp-block-column with-shadow rad is-layout-flow wp-block-column-is-layout-flow\">\n<figure class=\"wp-block-image size-large\"><img decoding=\"async\" src=\"https:\/\/chemicalsafety.com\/wp-content\/uploads\/2022\/10\/goverment.svg\" alt=\"Gobierno\"\/><\/figure>\n\n\n\n<h2 class=\"wp-block-heading\" id=\"h-government\" style=\"font-size:1.3rem\">Gobierno<\/h2>\n\n\n\n<p>Visite nuestra p\u00e1gina de Servicios Gubernamentales y descubra c\u00f3mo el Sistema de Gesti\u00f3n Ambiental (SGA) de ChemicalSafety puede ayudarle a resolver muchos de los desaf\u00edos de Seguridad, Salud y Medio Ambiente (SSMA) propios de su sector.<br\/> <a href=\"https:\/\/chemicalsafety.com\/es\/gobierno\/\">M\u00e1s informaci\u00f3n<\/a><\/p>\n<\/div>\n\n\n\n<div class=\"wp-block-column with-shadow rad is-layout-flow wp-block-column-is-layout-flow\">\n<figure class=\"wp-block-image size-large\"><img decoding=\"async\" src=\"https:\/\/chemicalsafety.com\/wp-content\/uploads\/2022\/10\/transportation-01-2.svg\" alt=\"Transporte\"\/><\/figure>\n\n\n\n<h2 class=\"wp-block-heading\" id=\"h-transportation\" style=\"font-size:1.3rem\">Transporte<\/h2>\n\n\n\n<p>Visite nuestra p\u00e1gina sobre el sector del transporte y descubra c\u00f3mo EMS puede ayudarle a resolver muchos de los retos de seguridad, salud y medio ambiente propios de su sector.<br\/> <a href=\"https:\/\/chemicalsafety.com\/es\/transporte\/\">M\u00e1s informaci\u00f3n<\/a><\/p>\n<\/div>\n\n\n\n<div class=\"wp-block-column with-shadow rad is-layout-flow wp-block-column-is-layout-flow\">\n<figure class=\"wp-block-image size-large\"><img decoding=\"async\" src=\"https:\/\/chemicalsafety.com\/wp-content\/uploads\/2022\/10\/energy.svg\" alt=\"Energ&#xED;a\"\/><\/figure>\n\n\n\n<h2 class=\"wp-block-heading\" id=\"h-energy\" style=\"font-size:1.3rem\">Energ\u00eda<\/h2>\n\n\n\n<p>Visite nuestra p\u00e1gina sobre el sector energ\u00e9tico y descubra c\u00f3mo el sistema de gesti\u00f3n ambiental (SGA) de ChemicalSafety puede ayudarle a resolver muchos de los desaf\u00edos de seguridad, salud y medio ambiente (EH&amp;S) propios de su sector.<br\/> <a href=\"https:\/\/chemicalsafety.com\/es\/energia\/\">M\u00e1s informaci\u00f3n<\/a><\/p>\n<\/div>\n\n\n\n<div class=\"wp-block-column with-shadow rad is-layout-flow wp-block-column-is-layout-flow\">\n<figure class=\"wp-block-image size-large\"><img decoding=\"async\" src=\"https:\/\/chemicalsafety.com\/wp-content\/uploads\/2022\/10\/aerospace-2.svg\" alt=\"Aeroespacial\"\/><\/figure>\n\n\n\n<h2 class=\"wp-block-heading\" id=\"h-aerospace\" style=\"font-size:1.3rem\">Aeroespacial<\/h2>\n\n\n\n<p>Visite nuestra p\u00e1gina sobre la industria aeroespacial y descubra c\u00f3mo nuestro sistema de gesti\u00f3n ambiental (EMS) puede ayudarle a resolver muchos de los desaf\u00edos relacionados con la seguridad, la salud y el medio ambiente que son espec\u00edficos de su sector.<br\/> <a href=\"https:\/\/chemicalsafety.com\/es\/aeroespacial\/\">M\u00e1s informaci\u00f3n<\/a><\/p>\n<\/div>\n<\/div>\n\n<div class=\"wp-block-columns features-page is-layout-flex wp-container-core-columns-is-layout-28f84493 wp-block-columns-is-layout-flex\">\n<div class=\"wp-block-column with-shadow rad is-layout-flow wp-block-column-is-layout-flow\">\n<figure class=\"wp-block-image size-large\"><img decoding=\"async\" src=\"https:\/\/chemicalsafety.com\/wp-content\/uploads\/2022\/10\/oil-and-gas.svg\" alt=\"\"\/><\/figure>\n\n\n\n<h2 class=\"wp-block-heading\" id=\"h-oil-amp-gas\" style=\"font-size:1.3rem\">Gas de petr\u00f3leo<\/h2>\n\n\n\n<p>Visite nuestra p\u00e1gina de Petr\u00f3leo y Gas y descubra c\u00f3mo el Sistema de Gesti\u00f3n Ambiental (SGA) de ChemicalSafety puede ayudarle a resolver muchos de los desaf\u00edos de Seguridad, Salud y Medio Ambiente (SSMA) propios de su sector.<br\/> <a href=\"\/oil-and-gas\/\">M\u00e1s informaci\u00f3n<\/a><\/p>\n<\/div>\n\n\n\n<div class=\"wp-block-column with-shadow rad is-layout-flow wp-block-column-is-layout-flow\">\n<figure class=\"wp-block-image size-large\"><img decoding=\"async\" src=\"https:\/\/chemicalsafety.com\/wp-content\/uploads\/2022\/10\/logistics.svg\" alt=\"\"\/><\/figure>\n\n\n\n<h2 class=\"wp-block-heading\" id=\"h-chemical-logistic\" style=\"font-size:1.3rem\">Log\u00edstica Qu\u00edmica<\/h2>\n\n\n\n<p>Visite nuestra p\u00e1gina de Log\u00edstica Qu\u00edmica y descubra c\u00f3mo EMS puede ayudarle a resolver muchos de los desaf\u00edos de Medio Ambiente, Salud y Seguridad (EHS) propios de su sector.<br\/> <a href=\"https:\/\/chemicalsafety.com\/es\/software-de-logistica-quimica\/\">M\u00e1s informaci\u00f3n<\/a><\/p>\n<\/div>\n\n\n\n<div class=\"wp-block-column is-layout-flow wp-block-column-is-layout-flow\"><\/div>\n\n\n\n<div class=\"wp-block-column is-layout-flow wp-block-column-is-layout-flow\"><\/div>\n<\/div>\n<\/div>\n","protected":false},"excerpt":{"rendered":"<p>Soluciones de la industria de software de EHS El Sistema de Gesti\u00f3n Ambiental (EMS) de ChemicalSafety es la soluci\u00f3n original y m\u00e1s completa en materia de salud y seguridad ambiental para corporaciones, colegios y universidades, y agencias gubernamentales.<\/p>\n","protected":false},"author":1,"featured_media":0,"parent":0,"menu_order":0,"comment_status":"closed","ping_status":"closed","template":"page-no-separators","meta":{"_eb_attr":"","_monsterinsights_skip_tracking":false,"_monsterinsights_sitenote_active":false,"_monsterinsights_sitenote_note":"","_monsterinsights_sitenote_category":0,"footnotes":""},"class_list":["post-82334","page","type-page","status-publish","hentry"],"yoast_head":"<!-- This site is optimized with the Yoast SEO Premium plugin v26.0 (Yoast SEO v26.0) - https:\/\/yoast.com\/wordpress\/plugins\/seo\/ -->\n<title>Soluciones de la industria de software de EHS | Seguridad qu\u00edmica<\/title>\n<meta name=\"description\" content=\"El software de gesti\u00f3n HSE de ChemicalSafety es ideal para una amplia variedad de industrias, incluidas las ciencias de la vida, la educaci\u00f3n superior, las agencias gubernamentales, el ej\u00e9rcito, la fabricaci\u00f3n, la tecnolog\u00eda, el transporte, la energ\u00eda y la industria aeroespacial.\" \/>\n<meta name=\"robots\" content=\"index, follow, max-snippet:-1, max-image-preview:large, max-video-preview:-1\" \/>\n<link rel=\"canonical\" href=\"https:\/\/chemicalsafety.com\/es\/soluciones-industriales-de-software-de-gestion-de-ehs\/\" \/>\n<meta property=\"og:locale\" content=\"es_ES\" \/>\n<meta property=\"og:type\" content=\"article\" \/>\n<meta property=\"og:title\" content=\"Soluciones de la industria de software de EHS | Seguridad qu\u00edmica\" \/>\n<meta property=\"og:description\" content=\"El software de gesti\u00f3n HSE de ChemicalSafety es ideal para una amplia variedad de industrias, incluidas las ciencias de la vida, la educaci\u00f3n superior, las agencias gubernamentales, el ej\u00e9rcito, la fabricaci\u00f3n, la tecnolog\u00eda, el transporte, la energ\u00eda y la industria aeroespacial.\" \/>\n<meta property=\"og:url\" content=\"https:\/\/chemicalsafety.com\/es\/soluciones-industriales-de-software-de-gestion-de-ehs\/\" \/>\n<meta property=\"og:site_name\" content=\"ChemicalSafety\" \/>\n<meta property=\"article:publisher\" content=\"https:\/\/www.facebook.com\/Chemical-Safety-Software-1391503304442241\/\" \/>\n<meta property=\"article:modified_time\" content=\"2026-03-20T08:42:53+00:00\" \/>\n<meta property=\"og:image\" content=\"https:\/\/chemicalsafety.com\/wp-content\/uploads\/2023\/04\/facebook-image-no-image-post.jpg\" \/>\n\t<meta property=\"og:image:width\" content=\"1200\" \/>\n\t<meta property=\"og:image:height\" content=\"630\" \/>\n\t<meta property=\"og:image:type\" content=\"image\/jpeg\" \/>\n<meta name=\"twitter:card\" content=\"summary_large_image\" \/>\n<meta name=\"twitter:site\" content=\"@chemsafeems\" \/>\n<script type=\"application\/ld+json\" class=\"yoast-schema-graph\">{\"@context\":\"https:\/\/schema.org\",\"@graph\":[{\"@type\":\"WebPage\",\"@id\":\"https:\/\/chemicalsafety.com\/es\/soluciones-industriales-de-software-de-gestion-de-ehs\/\",\"url\":\"https:\/\/chemicalsafety.com\/es\/soluciones-industriales-de-software-de-gestion-de-ehs\/\",\"name\":\"Soluciones de la industria de software de EHS | Seguridad qu\u00edmica\",\"isPartOf\":{\"@id\":\"https:\/\/chemicalsafety.com\/es\/#website\"},\"datePublished\":\"2023-05-30T07:03:19+00:00\",\"dateModified\":\"2026-03-20T08:42:53+00:00\",\"description\":\"El software de gesti\u00f3n HSE de ChemicalSafety es ideal para una amplia variedad de industrias, incluidas las ciencias de la vida, la educaci\u00f3n superior, las agencias gubernamentales, el ej\u00e9rcito, la fabricaci\u00f3n, la tecnolog\u00eda, el transporte, la energ\u00eda y la industria aeroespacial.\",\"inLanguage\":\"es\",\"potentialAction\":[{\"@type\":\"ReadAction\",\"target\":[\"https:\/\/chemicalsafety.com\/es\/soluciones-industriales-de-software-de-gestion-de-ehs\/\"]}]},{\"@type\":\"WebSite\",\"@id\":\"https:\/\/chemicalsafety.com\/es\/#website\",\"url\":\"https:\/\/chemicalsafety.com\/es\/\",\"name\":\"ChemicalSafety\",\"description\":\"EH&amp;S Software\",\"publisher\":{\"@id\":\"https:\/\/chemicalsafety.com\/es\/#organization\"},\"alternateName\":\"Chemical Safety Software\",\"potentialAction\":[{\"@type\":\"SearchAction\",\"target\":{\"@type\":\"EntryPoint\",\"urlTemplate\":\"https:\/\/chemicalsafety.com\/es\/?s={search_term_string}\"},\"query-input\":{\"@type\":\"PropertyValueSpecification\",\"valueRequired\":true,\"valueName\":\"search_term_string\"}}],\"inLanguage\":\"es\"},{\"@type\":\"Organization\",\"@id\":\"https:\/\/chemicalsafety.com\/es\/#organization\",\"name\":\"ChemicalSafety\",\"alternateName\":\"Chemical Safety Software\",\"url\":\"https:\/\/chemicalsafety.com\/es\/\",\"logo\":{\"@type\":\"ImageObject\",\"inLanguage\":\"es\",\"@id\":\"https:\/\/chemicalsafety.com\/es\/#\/schema\/logo\/image\/\",\"url\":\"https:\/\/chemicalsafety.com\/wp-content\/uploads\/2018\/01\/logo4.png\",\"contentUrl\":\"https:\/\/chemicalsafety.com\/wp-content\/uploads\/2018\/01\/logo4.png\",\"width\":100,\"height\":100,\"caption\":\"ChemicalSafety\"},\"image\":{\"@id\":\"https:\/\/chemicalsafety.com\/es\/#\/schema\/logo\/image\/\"},\"sameAs\":[\"https:\/\/www.facebook.com\/Chemical-Safety-Software-1391503304442241\/\",\"https:\/\/x.com\/chemsafeems\",\"https:\/\/www.linkedin.com\/company\/chemical-safety-software\/\",\"https:\/\/www.youtube.com\/channel\/UC3i_ZkwvVM2HnmO65fzFu4A\"]}]}<\/script>\n<!-- \/ Yoast SEO Premium plugin. -->","yoast_head_json":{"title":"Soluciones de la industria de software de EHS | Seguridad qu\u00edmica","description":"El software de gesti\u00f3n HSE de ChemicalSafety es ideal para una amplia variedad de industrias, incluidas las ciencias de la vida, la educaci\u00f3n superior, las agencias gubernamentales, el ej\u00e9rcito, la fabricaci\u00f3n, la tecnolog\u00eda, el transporte, la energ\u00eda y la industria aeroespacial.","robots":{"index":"index","follow":"follow","max-snippet":"max-snippet:-1","max-image-preview":"max-image-preview:large","max-video-preview":"max-video-preview:-1"},"canonical":"https:\/\/chemicalsafety.com\/es\/soluciones-industriales-de-software-de-gestion-de-ehs\/","og_locale":"es_ES","og_type":"article","og_title":"Soluciones de la industria de software de EHS | Seguridad qu\u00edmica","og_description":"El software de gesti\u00f3n HSE de ChemicalSafety es ideal para una amplia variedad de industrias, incluidas las ciencias de la vida, la educaci\u00f3n superior, las agencias gubernamentales, el ej\u00e9rcito, la fabricaci\u00f3n, la tecnolog\u00eda, el transporte, la energ\u00eda y la industria aeroespacial.","og_url":"https:\/\/chemicalsafety.com\/es\/soluciones-industriales-de-software-de-gestion-de-ehs\/","og_site_name":"ChemicalSafety","article_publisher":"https:\/\/www.facebook.com\/Chemical-Safety-Software-1391503304442241\/","article_modified_time":"2026-03-20T08:42:53+00:00","og_image":[{"width":1200,"height":630,"url":"https:\/\/chemicalsafety.com\/wp-content\/uploads\/2023\/04\/facebook-image-no-image-post.jpg","type":"image\/jpeg"}],"twitter_card":"summary_large_image","twitter_site":"@chemsafeems","schema":{"@context":"https:\/\/schema.org","@graph":[{"@type":"WebPage","@id":"https:\/\/chemicalsafety.com\/es\/soluciones-industriales-de-software-de-gestion-de-ehs\/","url":"https:\/\/chemicalsafety.com\/es\/soluciones-industriales-de-software-de-gestion-de-ehs\/","name":"Soluciones de la industria de software de EHS | Seguridad qu\u00edmica","isPartOf":{"@id":"https:\/\/chemicalsafety.com\/es\/#website"},"datePublished":"2023-05-30T07:03:19+00:00","dateModified":"2026-03-20T08:42:53+00:00","description":"El software de gesti\u00f3n HSE de ChemicalSafety es ideal para una amplia variedad de industrias, incluidas las ciencias de la vida, la educaci\u00f3n superior, las agencias gubernamentales, el ej\u00e9rcito, la fabricaci\u00f3n, la tecnolog\u00eda, el transporte, la energ\u00eda y la industria aeroespacial.","inLanguage":"es","potentialAction":[{"@type":"ReadAction","target":["https:\/\/chemicalsafety.com\/es\/soluciones-industriales-de-software-de-gestion-de-ehs\/"]}]},{"@type":"WebSite","@id":"https:\/\/chemicalsafety.com\/es\/#website","url":"https:\/\/chemicalsafety.com\/es\/","name":"ChemicalSafety","description":"EH&amp;S Software","publisher":{"@id":"https:\/\/chemicalsafety.com\/es\/#organization"},"alternateName":"Chemical Safety Software","potentialAction":[{"@type":"SearchAction","target":{"@type":"EntryPoint","urlTemplate":"https:\/\/chemicalsafety.com\/es\/?s={search_term_string}"},"query-input":{"@type":"PropertyValueSpecification","valueRequired":true,"valueName":"search_term_string"}}],"inLanguage":"es"},{"@type":"Organization","@id":"https:\/\/chemicalsafety.com\/es\/#organization","name":"ChemicalSafety","alternateName":"Chemical Safety Software","url":"https:\/\/chemicalsafety.com\/es\/","logo":{"@type":"ImageObject","inLanguage":"es","@id":"https:\/\/chemicalsafety.com\/es\/#\/schema\/logo\/image\/","url":"https:\/\/chemicalsafety.com\/wp-content\/uploads\/2018\/01\/logo4.png","contentUrl":"https:\/\/chemicalsafety.com\/wp-content\/uploads\/2018\/01\/logo4.png","width":100,"height":100,"caption":"ChemicalSafety"},"image":{"@id":"https:\/\/chemicalsafety.com\/es\/#\/schema\/logo\/image\/"},"sameAs":["https:\/\/www.facebook.com\/Chemical-Safety-Software-1391503304442241\/","https:\/\/x.com\/chemsafeems","https:\/\/www.linkedin.com\/company\/chemical-safety-software\/","https:\/\/www.youtube.com\/channel\/UC3i_ZkwvVM2HnmO65fzFu4A"]}]}},"_links":{"self":[{"href":"https:\/\/chemicalsafety.com\/es\/wp-json\/wp\/v2\/pages\/82334","targetHints":{"allow":["GET"]}}],"collection":[{"href":"https:\/\/chemicalsafety.com\/es\/wp-json\/wp\/v2\/pages"}],"about":[{"href":"https:\/\/chemicalsafety.com\/es\/wp-json\/wp\/v2\/types\/page"}],"author":[{"embeddable":true,"href":"https:\/\/chemicalsafety.com\/es\/wp-json\/wp\/v2\/users\/1"}],"replies":[{"embeddable":true,"href":"https:\/\/chemicalsafety.com\/es\/wp-json\/wp\/v2\/comments?post=82334"}],"version-history":[{"count":0,"href":"https:\/\/chemicalsafety.com\/es\/wp-json\/wp\/v2\/pages\/82334\/revisions"}],"wp:attachment":[{"href":"https:\/\/chemicalsafety.com\/es\/wp-json\/wp\/v2\/media?parent=82334"}],"curies":[{"name":"wp","href":"https:\/\/api.w.org\/{rel}","templated":true}]}}