{"id":82566,"date":"2023-05-31T05:46:46","date_gmt":"2023-05-31T12:46:46","guid":{"rendered":"https:\/\/chemicalsafety.com\/software-ems-empresarial\/"},"modified":"2026-04-03T04:02:53","modified_gmt":"2026-04-03T11:02:53","slug":"software-ems-empresarial","status":"publish","type":"page","link":"https:\/\/chemicalsafety.com\/es\/software-ems-empresarial\/","title":{"rendered":"Software EMS empresarial"},"content":{"rendered":"\n<div class=\"wp-block-group alignfull solutions-top-section has-background is-layout-flow wp-block-group-is-layout-flow\" style=\"background-color:#e9eff0;padding-bottom:2rem\">\n<div class=\"wp-block-columns are-vertically-aligned-center is-layout-flex wp-container-core-columns-is-layout-28f84493 wp-block-columns-is-layout-flex\">\n<div class=\"wp-block-column is-vertically-aligned-center is-layout-flow wp-block-column-is-layout-flow\">\n<h1 class=\"wp-block-heading\" id=\"h-ems-for-enterprise-management\" style=\"margin-bottom:1.5rem\">EMS para la gesti\u00f3n empresarial<\/h1>\n\n\n\n<p>EMS para la gesti\u00f3n empresarial es una soluci\u00f3n totalmente completa y personalizable para operaciones a gran escala. Se incluyen todos los m\u00f3dulos EMS, <a href=\"https:\/\/chemicalsafety.com\/chemical-inventory-tracking-software\/\">gesti\u00f3n de inventario de productos qu\u00edmicos<\/a> , <a href=\"https:\/\/chemicalsafety.com\/msds-database\/\">etiquetado SDS y GHS<\/a> , <a href=\"https:\/\/chemicalsafety.com\/es\/software-de-gestion-de-residuos-peligrosos\/\">gesti\u00f3n de residuos peligrosos<\/a> , <a href=\"https:\/\/chemicalsafety.com\/es\/seguimiento-de-radioisotopos\/\">sistema de seguimiento de radiois\u00f3topos<\/a> , <a href=\"https:\/\/chemicalsafety.com\/es\/seguridad-y-cumplimiento-de-las-instalaciones\/\">seguridad y cumplimiento de las instalaciones<\/a> , <a href=\"https:\/\/chemicalsafety.com\/es\/informes-regulatorios\/\">cumplimiento ambiental<\/a> y <a href=\"https:\/\/chemicalsafety.com\/es\/seguridad-del-empleado-en-el-lugar-de-trabajo\/\">seguridad en el lugar de trabajo de los empleados<\/a> , as\u00ed como integraci\u00f3n de software, vistas globales de m\u00faltiples instalaciones, planificaci\u00f3n de recursos , y m\u00e1s. <\/p>\n<\/div>\n\n\n\n<div class=\"wp-block-column is-vertically-aligned-center is-layout-flow wp-block-column-is-layout-flow\">\n<figure class=\"wp-block-image size-large hide-small\"><img decoding=\"async\" src=\"https:\/\/chemicalsafety.com\/wp-content\/uploads\/2022\/10\/enterprise.png\" alt=\"Empresa\"\/><\/figure>\n<\/div>\n<\/div>\n<\/div>\n\n<div class=\"wp-block-group alignfull is-layout-flow wp-block-group-is-layout-flow\">\n<div class=\"wp-block-columns are-vertically-aligned-center is-layout-flex wp-container-core-columns-is-layout-28f84493 wp-block-columns-is-layout-flex\">\n<div class=\"wp-block-column is-vertically-aligned-center hide-small is-layout-flow wp-block-column-is-layout-flow\">\n<figure class=\"wp-block-image size-large\"><img decoding=\"async\" src=\"https:\/\/chemicalsafety.com\/wp-content\/uploads\/2022\/10\/enterprise-1.png\" alt=\"\"\/><\/figure>\n<\/div>\n\n\n\n<div class=\"wp-block-column is-vertically-aligned-center is-layout-flow wp-block-column-is-layout-flow\">\n<h2 class=\"wp-block-heading has-text-align-center\" id=\"h-integrations\">integraciones<\/h2>\n\n\n\n<p class=\"has-text-align-center\">Uno de los componentes clave de la implementaci\u00f3n exitosa de un software empresarial EHS es la integraci\u00f3n de los sistemas de clientes existentes con nuestro software EMS mediante interfaces de programaci\u00f3n de aplicaciones (API). Las API conectan y comunican elementos de datos a trav\u00e9s de software y bases de datos para intercambiar informaci\u00f3n para funciones comerciales cr\u00edticas.<\/p>\n\n\n\n<p class=\"has-text-align-center\"><a href=\"https:\/\/chemicalsafety.com\/es\/integraciones-personalizadas-de-ehs\/\">M\u00e1s informaci\u00f3n<\/a><\/p>\n<\/div>\n<\/div>\n\n\n\n<div class=\"wp-block-columns are-vertically-aligned-center is-layout-flex wp-container-core-columns-is-layout-28f84493 wp-block-columns-is-layout-flex\">\n<div class=\"wp-block-column is-vertically-aligned-center is-layout-flow wp-block-column-is-layout-flow\">\n<p class=\"has-text-align-center\">ChemicalSafety utiliza interfaces integradas para transferir elementos de datos existentes de las bases de datos de Inventario Qu\u00edmico, Hojas de Datos de Seguridad (SDS), Residuos, Ubicaci\u00f3n, Empleados y otras, lo que agiliza la implementaci\u00f3n y mejora dr\u00e1sticamente la precisi\u00f3n de los datos.<\/p>\n<\/div>\n\n\n\n<div class=\"wp-block-column is-vertically-aligned-center hide-small is-layout-flow wp-block-column-is-layout-flow\">\n<figure class=\"wp-block-image size-large\"><img decoding=\"async\" src=\"https:\/\/chemicalsafety.com\/wp-content\/uploads\/2022\/10\/enterprise-2.png\" alt=\"\"\/><\/figure>\n<\/div>\n<\/div>\n\n\n\n<div class=\"wp-block-columns are-vertically-aligned-center is-layout-flex wp-container-core-columns-is-layout-28f84493 wp-block-columns-is-layout-flex\">\n<div class=\"wp-block-column is-vertically-aligned-center hide-small is-layout-flow wp-block-column-is-layout-flow\">\n<figure class=\"wp-block-image size-large\"><img decoding=\"async\" src=\"https:\/\/chemicalsafety.com\/wp-content\/uploads\/2022\/10\/enterprise-customers.png\" alt=\"\"\/><\/figure>\n<\/div>\n\n\n\n<div class=\"wp-block-column is-vertically-aligned-center is-layout-flow wp-block-column-is-layout-flow\">\n<p class=\"has-text-align-center\">ChemicalSafety ha ayudado a las organizaciones a conectar aplicaciones ERP como SAP, Oracle PeopleSoft, EPICOR y otras para intercambiar elementos de datos de compras y empleados. Se han creado interfaces API similares para sistemas de gesti\u00f3n de informaci\u00f3n de laboratorio (LIMS), sistemas de gesti\u00f3n de riesgos, sistemas de informes gubernamentales y otros.<\/p>\n<\/div>\n<\/div>\n<\/div>\n\n<div class=\"wp-block-group alignfull is-layout-flow wp-block-group-is-layout-flow\">\n<div class=\"wp-block-columns is-layout-flex wp-container-core-columns-is-layout-28f84493 wp-block-columns-is-layout-flex\">\n<div class=\"wp-block-column is-layout-flow wp-block-column-is-layout-flow\">\n<div class=\"wp-block-columns are-vertically-aligned-center is-layout-flex wp-container-core-columns-is-layout-28f84493 wp-block-columns-is-layout-flex\">\n<div class=\"wp-block-column is-vertically-aligned-center is-layout-flow wp-block-column-is-layout-flow\">\n<h2 class=\"wp-block-heading has-text-align-left\" id=\"h-our-enterprise-customers-nbsp\">Nuestros clientes empresariales <\/h2>\n\n\n\n<p class=\"has-text-align-left\">Muchas de las principales organizaciones del mundo conf\u00edan en el software EMS de ChemicalSafety para gestionar sus operaciones EHS <\/p>\n\n\n\n<div class=\"wp-block-essential-blocks-button cbtn-action hide-small\"><div class=\"eb-parent-wrapper eb-parent-eb-button-46uzmt3 \"><div class=\"eb-button-wrapper eb-button-alignment eb-button-46uzmt3\"><div class=\"eb-button\"><a class=\"eb-button-anchor\" href=\"https:\/\/chemicalsafety.com\/our-clients\/\" rel=\"noopener\">Ver todos los clientes<\/a><\/div><\/div><\/div><\/div>\n<\/div>\n\n\n\n<div class=\"wp-block-column is-vertically-aligned-center is-layout-flow wp-block-column-is-layout-flow\" style=\"flex-basis:65%\">\n<figure class=\"wp-block-image size-large\"><img decoding=\"async\" src=\"https:\/\/chemicalsafety.com\/wp-content\/uploads\/2022\/10\/enterprise-logo-clients.png\" alt=\"\"\/><\/figure>\n\n\n\n<div class=\"wp-block-essential-blocks-button cbtn-action hide-l\"><div class=\"eb-parent-wrapper eb-parent-eb-button-ki6f5qu \"><div class=\"eb-button-wrapper eb-button-alignment eb-button-ki6f5qu\"><div class=\"eb-button\"><a class=\"eb-button-anchor\" href=\"https:\/\/chemicalsafety.com\/our-clients\/\" rel=\"noopener\">Ver todos los clientes<\/a><\/div><\/div><\/div><\/div>\n<\/div>\n<\/div>\n<\/div>\n<\/div>\n<\/div>\n\n<div class=\"wp-block-group alignfull home-banner-call is-layout-flow wp-block-group-is-layout-flow\" style=\"padding-top:4rem\">\n<div class=\"wp-block-columns are-vertically-aligned-center has-background is-layout-flex wp-container-core-columns-is-layout-bc4f5def wp-block-columns-is-layout-flex\" style=\"background-color:#e9eff0;padding-top:5rem;padding-right:5rem;padding-bottom:5rem;padding-left:5rem\">\n<div class=\"wp-block-column is-vertically-aligned-center is-layout-flow wp-block-column-is-layout-flow\" style=\"flex-basis:70%\">\n<h2 class=\"wp-block-heading\" id=\"h-industry-specific-solutions-accelerate-implementation-timelines\">Las soluciones espec\u00edficas para la industria aceleran<br\/>los plazos de implementaci\u00f3n<\/h2>\n<\/div>\n\n\n\n<div class=\"wp-block-column is-vertically-aligned-center is-layout-flow wp-block-column-is-layout-flow\">\n<div class=\"wp-block-essential-blocks-button popmake-74335\"><div class=\"eb-parent-wrapper eb-parent-eb-button-renjftq \"><div class=\"eb-button-wrapper eb-button-alignment eb-button-renjftq\"><div class=\"eb-button\"><a class=\"eb-button-anchor\" href=\"request-a-demo-popup\" rel=\"noopener\">Solicitar demo en directo<\/a><\/div><\/div><\/div><\/div>\n<\/div>\n<\/div>\n<\/div>\n","protected":false},"excerpt":{"rendered":"<p>EMS para la gesti\u00f3n empresarial EMS para la gesti\u00f3n empresarial es una soluci\u00f3n totalmente completa y personalizable para operaciones a gran escala. Se incluyen todos los m\u00f3dulos EMS, gesti\u00f3n de inventario de productos qu\u00edmicos , etiquetado SDS y GHS , gesti\u00f3n de residuos peligrosos , sistema de seguimiento de radiois\u00f3topos , seguridad y cumplimiento de [&hellip;]<\/p>\n","protected":false},"author":1,"featured_media":0,"parent":0,"menu_order":0,"comment_status":"closed","ping_status":"open","template":"solutions-page","meta":{"_eb_attr":"","_monsterinsights_skip_tracking":false,"_monsterinsights_sitenote_active":false,"_monsterinsights_sitenote_note":"","_monsterinsights_sitenote_category":0,"footnotes":""},"class_list":["post-82566","page","type-page","status-publish","hentry"],"yoast_head":"<!-- This site is optimized with the Yoast SEO Premium plugin v26.0 (Yoast SEO v26.0) - https:\/\/yoast.com\/wordpress\/plugins\/seo\/ -->\n<title>Software EMS empresarial<\/title>\n<meta name=\"description\" content=\"SFS ChemicalSafety tiene 26 a\u00f1os de experiencia en la implementaci\u00f3n de EMS en toda la empresa. Obtenga m\u00e1s informaci\u00f3n sobre c\u00f3mo podemos ayudar aqu\u00ed.\" \/>\n<meta name=\"robots\" content=\"index, follow, max-snippet:-1, max-image-preview:large, max-video-preview:-1\" \/>\n<link rel=\"canonical\" href=\"https:\/\/chemicalsafety.com\/es\/software-ems-empresarial\/\" \/>\n<meta property=\"og:locale\" content=\"es_ES\" \/>\n<meta property=\"og:type\" content=\"article\" \/>\n<meta property=\"og:title\" content=\"Software EMS empresarial\" \/>\n<meta property=\"og:description\" content=\"SFS ChemicalSafety tiene 26 a\u00f1os de experiencia en la implementaci\u00f3n de EMS en toda la empresa. Obtenga m\u00e1s informaci\u00f3n sobre c\u00f3mo podemos ayudar aqu\u00ed.\" \/>\n<meta property=\"og:url\" content=\"https:\/\/chemicalsafety.com\/es\/software-ems-empresarial\/\" \/>\n<meta property=\"og:site_name\" content=\"ChemicalSafety\" \/>\n<meta property=\"article:publisher\" content=\"https:\/\/www.facebook.com\/Chemical-Safety-Software-1391503304442241\/\" \/>\n<meta property=\"article:modified_time\" content=\"2026-04-03T11:02:53+00:00\" \/>\n<meta property=\"og:image\" content=\"https:\/\/chemicalsafety.com\/wp-content\/uploads\/2022\/10\/enterprise.png\" \/>\n<meta name=\"twitter:card\" content=\"summary_large_image\" \/>\n<meta name=\"twitter:site\" content=\"@chemsafeems\" \/>\n<meta name=\"twitter:label1\" content=\"Tiempo de lectura\" \/>\n\t<meta name=\"twitter:data1\" content=\"2 minutos\" \/>\n<script type=\"application\/ld+json\" class=\"yoast-schema-graph\">{\"@context\":\"https:\/\/schema.org\",\"@graph\":[{\"@type\":\"WebPage\",\"@id\":\"https:\/\/chemicalsafety.com\/es\/software-ems-empresarial\/\",\"url\":\"https:\/\/chemicalsafety.com\/es\/software-ems-empresarial\/\",\"name\":\"Software EMS empresarial\",\"isPartOf\":{\"@id\":\"https:\/\/chemicalsafety.com\/es\/#website\"},\"primaryImageOfPage\":{\"@id\":\"https:\/\/chemicalsafety.com\/es\/software-ems-empresarial\/#primaryimage\"},\"image\":{\"@id\":\"https:\/\/chemicalsafety.com\/es\/software-ems-empresarial\/#primaryimage\"},\"thumbnailUrl\":\"https:\/\/chemicalsafety.com\/wp-content\/uploads\/2022\/10\/enterprise.png\",\"datePublished\":\"2023-05-31T12:46:46+00:00\",\"dateModified\":\"2026-04-03T11:02:53+00:00\",\"description\":\"SFS ChemicalSafety tiene 26 a\u00f1os de experiencia en la implementaci\u00f3n de EMS en toda la empresa. Obtenga m\u00e1s informaci\u00f3n sobre c\u00f3mo podemos ayudar aqu\u00ed.\",\"inLanguage\":\"es\",\"potentialAction\":[{\"@type\":\"ReadAction\",\"target\":[\"https:\/\/chemicalsafety.com\/es\/software-ems-empresarial\/\"]}]},{\"@type\":\"ImageObject\",\"inLanguage\":\"es\",\"@id\":\"https:\/\/chemicalsafety.com\/es\/software-ems-empresarial\/#primaryimage\",\"url\":\"https:\/\/chemicalsafety.com\/wp-content\/uploads\/2022\/10\/enterprise.png\",\"contentUrl\":\"https:\/\/chemicalsafety.com\/wp-content\/uploads\/2022\/10\/enterprise.png\"},{\"@type\":\"WebSite\",\"@id\":\"https:\/\/chemicalsafety.com\/es\/#website\",\"url\":\"https:\/\/chemicalsafety.com\/es\/\",\"name\":\"ChemicalSafety\",\"description\":\"EH&amp;S Software\",\"publisher\":{\"@id\":\"https:\/\/chemicalsafety.com\/es\/#organization\"},\"alternateName\":\"Chemical Safety Software\",\"potentialAction\":[{\"@type\":\"SearchAction\",\"target\":{\"@type\":\"EntryPoint\",\"urlTemplate\":\"https:\/\/chemicalsafety.com\/es\/?s={search_term_string}\"},\"query-input\":{\"@type\":\"PropertyValueSpecification\",\"valueRequired\":true,\"valueName\":\"search_term_string\"}}],\"inLanguage\":\"es\"},{\"@type\":\"Organization\",\"@id\":\"https:\/\/chemicalsafety.com\/es\/#organization\",\"name\":\"ChemicalSafety\",\"alternateName\":\"Chemical Safety Software\",\"url\":\"https:\/\/chemicalsafety.com\/es\/\",\"logo\":{\"@type\":\"ImageObject\",\"inLanguage\":\"es\",\"@id\":\"https:\/\/chemicalsafety.com\/es\/#\/schema\/logo\/image\/\",\"url\":\"https:\/\/chemicalsafety.com\/wp-content\/uploads\/2018\/01\/logo4.png\",\"contentUrl\":\"https:\/\/chemicalsafety.com\/wp-content\/uploads\/2018\/01\/logo4.png\",\"width\":100,\"height\":100,\"caption\":\"ChemicalSafety\"},\"image\":{\"@id\":\"https:\/\/chemicalsafety.com\/es\/#\/schema\/logo\/image\/\"},\"sameAs\":[\"https:\/\/www.facebook.com\/Chemical-Safety-Software-1391503304442241\/\",\"https:\/\/x.com\/chemsafeems\",\"https:\/\/www.linkedin.com\/company\/chemical-safety-software\/\",\"https:\/\/www.youtube.com\/channel\/UC3i_ZkwvVM2HnmO65fzFu4A\"]}]}<\/script>\n<!-- \/ Yoast SEO Premium plugin. -->","yoast_head_json":{"title":"Software EMS empresarial","description":"SFS ChemicalSafety tiene 26 a\u00f1os de experiencia en la implementaci\u00f3n de EMS en toda la empresa. Obtenga m\u00e1s informaci\u00f3n sobre c\u00f3mo podemos ayudar aqu\u00ed.","robots":{"index":"index","follow":"follow","max-snippet":"max-snippet:-1","max-image-preview":"max-image-preview:large","max-video-preview":"max-video-preview:-1"},"canonical":"https:\/\/chemicalsafety.com\/es\/software-ems-empresarial\/","og_locale":"es_ES","og_type":"article","og_title":"Software EMS empresarial","og_description":"SFS ChemicalSafety tiene 26 a\u00f1os de experiencia en la implementaci\u00f3n de EMS en toda la empresa. Obtenga m\u00e1s informaci\u00f3n sobre c\u00f3mo podemos ayudar aqu\u00ed.","og_url":"https:\/\/chemicalsafety.com\/es\/software-ems-empresarial\/","og_site_name":"ChemicalSafety","article_publisher":"https:\/\/www.facebook.com\/Chemical-Safety-Software-1391503304442241\/","article_modified_time":"2026-04-03T11:02:53+00:00","og_image":[{"url":"https:\/\/chemicalsafety.com\/wp-content\/uploads\/2022\/10\/enterprise.png","type":"","width":"","height":""}],"twitter_card":"summary_large_image","twitter_site":"@chemsafeems","twitter_misc":{"Tiempo de lectura":"2 minutos"},"schema":{"@context":"https:\/\/schema.org","@graph":[{"@type":"WebPage","@id":"https:\/\/chemicalsafety.com\/es\/software-ems-empresarial\/","url":"https:\/\/chemicalsafety.com\/es\/software-ems-empresarial\/","name":"Software EMS empresarial","isPartOf":{"@id":"https:\/\/chemicalsafety.com\/es\/#website"},"primaryImageOfPage":{"@id":"https:\/\/chemicalsafety.com\/es\/software-ems-empresarial\/#primaryimage"},"image":{"@id":"https:\/\/chemicalsafety.com\/es\/software-ems-empresarial\/#primaryimage"},"thumbnailUrl":"https:\/\/chemicalsafety.com\/wp-content\/uploads\/2022\/10\/enterprise.png","datePublished":"2023-05-31T12:46:46+00:00","dateModified":"2026-04-03T11:02:53+00:00","description":"SFS ChemicalSafety tiene 26 a\u00f1os de experiencia en la implementaci\u00f3n de EMS en toda la empresa. Obtenga m\u00e1s informaci\u00f3n sobre c\u00f3mo podemos ayudar aqu\u00ed.","inLanguage":"es","potentialAction":[{"@type":"ReadAction","target":["https:\/\/chemicalsafety.com\/es\/software-ems-empresarial\/"]}]},{"@type":"ImageObject","inLanguage":"es","@id":"https:\/\/chemicalsafety.com\/es\/software-ems-empresarial\/#primaryimage","url":"https:\/\/chemicalsafety.com\/wp-content\/uploads\/2022\/10\/enterprise.png","contentUrl":"https:\/\/chemicalsafety.com\/wp-content\/uploads\/2022\/10\/enterprise.png"},{"@type":"WebSite","@id":"https:\/\/chemicalsafety.com\/es\/#website","url":"https:\/\/chemicalsafety.com\/es\/","name":"ChemicalSafety","description":"EH&amp;S Software","publisher":{"@id":"https:\/\/chemicalsafety.com\/es\/#organization"},"alternateName":"Chemical Safety Software","potentialAction":[{"@type":"SearchAction","target":{"@type":"EntryPoint","urlTemplate":"https:\/\/chemicalsafety.com\/es\/?s={search_term_string}"},"query-input":{"@type":"PropertyValueSpecification","valueRequired":true,"valueName":"search_term_string"}}],"inLanguage":"es"},{"@type":"Organization","@id":"https:\/\/chemicalsafety.com\/es\/#organization","name":"ChemicalSafety","alternateName":"Chemical Safety Software","url":"https:\/\/chemicalsafety.com\/es\/","logo":{"@type":"ImageObject","inLanguage":"es","@id":"https:\/\/chemicalsafety.com\/es\/#\/schema\/logo\/image\/","url":"https:\/\/chemicalsafety.com\/wp-content\/uploads\/2018\/01\/logo4.png","contentUrl":"https:\/\/chemicalsafety.com\/wp-content\/uploads\/2018\/01\/logo4.png","width":100,"height":100,"caption":"ChemicalSafety"},"image":{"@id":"https:\/\/chemicalsafety.com\/es\/#\/schema\/logo\/image\/"},"sameAs":["https:\/\/www.facebook.com\/Chemical-Safety-Software-1391503304442241\/","https:\/\/x.com\/chemsafeems","https:\/\/www.linkedin.com\/company\/chemical-safety-software\/","https:\/\/www.youtube.com\/channel\/UC3i_ZkwvVM2HnmO65fzFu4A"]}]}},"_links":{"self":[{"href":"https:\/\/chemicalsafety.com\/es\/wp-json\/wp\/v2\/pages\/82566","targetHints":{"allow":["GET"]}}],"collection":[{"href":"https:\/\/chemicalsafety.com\/es\/wp-json\/wp\/v2\/pages"}],"about":[{"href":"https:\/\/chemicalsafety.com\/es\/wp-json\/wp\/v2\/types\/page"}],"author":[{"embeddable":true,"href":"https:\/\/chemicalsafety.com\/es\/wp-json\/wp\/v2\/users\/1"}],"replies":[{"embeddable":true,"href":"https:\/\/chemicalsafety.com\/es\/wp-json\/wp\/v2\/comments?post=82566"}],"version-history":[{"count":0,"href":"https:\/\/chemicalsafety.com\/es\/wp-json\/wp\/v2\/pages\/82566\/revisions"}],"wp:attachment":[{"href":"https:\/\/chemicalsafety.com\/es\/wp-json\/wp\/v2\/media?parent=82566"}],"curies":[{"name":"wp","href":"https:\/\/api.w.org\/{rel}","templated":true}]}}