{"id":82337,"date":"2023-05-30T00:04:33","date_gmt":"2023-05-30T07:04:33","guid":{"rendered":"https:\/\/chemicalsafety.com\/logiciel-de-gestion-ehs-solutions-sectorielles\/"},"modified":"2026-03-20T01:53:56","modified_gmt":"2026-03-20T08:53:56","slug":"logiciel-de-gestion-ehs-solutions-sectorielles","status":"publish","type":"page","link":"https:\/\/chemicalsafety.com\/fr\/logiciel-de-gestion-ehs-solutions-sectorielles\/","title":{"rendered":"Logiciel de gestion EHS Solutions sectorielles"},"content":{"rendered":"\n<div class=\"wp-block-group alignfull is-layout-flow wp-block-group-is-layout-flow\">\n<div class=\"wp-block-columns is-layout-flex wp-container-core-columns-is-layout-28f84493 wp-block-columns-is-layout-flex\">\n<div class=\"wp-block-column is-layout-flow wp-block-column-is-layout-flow\"><\/div>\n\n\n\n<div class=\"wp-block-column is-layout-flow wp-block-column-is-layout-flow\" style=\"flex-basis:50%\">\n<h1 class=\"wp-block-heading has-text-align-center has-large-font-size\" id=\"h-ehs-software-industry-solutions\">Solutions de l&rsquo;industrie du logiciel EHS<\/h1>\n\n\n\n<p class=\"has-text-align-center\">Le syst\u00e8me de gestion environnementale (EMS) de ChemicalSafety est la solution originale et la plus compl\u00e8te en mati\u00e8re de sant\u00e9 et de s\u00e9curit\u00e9 environnementales pour les entreprises, les coll\u00e8ges et universit\u00e9s et les agences gouvernementales.<\/p>\n<\/div>\n\n\n\n<div class=\"wp-block-column is-layout-flow wp-block-column-is-layout-flow\"><\/div>\n<\/div>\n\n\n\n<div class=\"wp-block-columns features-page is-layout-flex wp-container-core-columns-is-layout-28f84493 wp-block-columns-is-layout-flex\">\n<div class=\"wp-block-column with-shadow rad is-layout-flow wp-block-column-is-layout-flow\">\n<figure class=\"wp-block-image size-large\"><img decoding=\"async\" src=\"https:\/\/chemicalsafety.com\/wp-content\/uploads\/2022\/10\/life-sciences-1.svg\" alt=\"Sciences de la vie\"\/><\/figure>\n\n\n\n<h2 class=\"wp-block-heading\" id=\"h-life-sciences\" style=\"font-size:1.3rem\">Sciences de la vie<\/h2>\n\n\n\n<p>Visitez notre page sur l\u2019industrie des sciences de la vie et d\u00e9couvrez comment EMS peut aider \u00e0 r\u00e9soudre de nombreux d\u00e9fis li\u00e9s \u00e0 l\u2019EH&amp;S propres \u00e0 votre secteur.<br\/><a href=\"https:\/\/chemicalsafety.com\/fr\/sciences-de-la-vie\/\">En savoir plus<\/a><\/p>\n<\/div>\n\n\n\n<div class=\"wp-block-column with-shadow rad is-layout-flow wp-block-column-is-layout-flow\">\n<figure class=\"wp-block-image size-large\"><img decoding=\"async\" src=\"https:\/\/chemicalsafety.com\/wp-content\/uploads\/2022\/10\/manufacturing-2.svg\" alt=\"Fabrication\"\/><\/figure>\n\n\n\n<h2 class=\"wp-block-heading\" id=\"h-manufacturing\" style=\"font-size:1.3rem\">Fabrication<\/h2>\n\n\n\n<p>Visitez notre page Fabrication et d\u00e9couvrez comment le SME de la s\u00e9curit\u00e9 chimique peut aider \u00e0 r\u00e9soudre de nombreux d\u00e9fis li\u00e9s \u00e0 l\u2019EH&amp;S.<br\/><a href=\"https:\/\/chemicalsafety.com\/fr\/fabrication\/\">En savoir plus<\/a><\/p>\n<\/div>\n\n\n\n<div class=\"wp-block-column with-shadow rad is-layout-flow wp-block-column-is-layout-flow\">\n<figure class=\"wp-block-image size-large\"><img decoding=\"async\" src=\"https:\/\/chemicalsafety.com\/wp-content\/uploads\/2022\/10\/education.svg\" alt=\"&#xC9;ducation\"\/><\/figure>\n\n\n\n<h2 class=\"wp-block-heading\" id=\"h-education\" style=\"font-size:1.3rem\">\u00c9ducation<\/h2>\n\n\n\n<p>Visitez notre page Enseignement sup\u00e9rieur et d\u00e9couvrez comment EMS peut aider \u00e0 r\u00e9soudre de nombreux d\u00e9fis li\u00e9s \u00e0 l\u2019EH&amp;S propres \u00e0 votre secteur.<br\/><a href=\"https:\/\/chemicalsafety.com\/fr\/lenseignement-superieur\/\">En savoir plus<\/a><\/p>\n<\/div>\n\n\n\n<div class=\"wp-block-column with-shadow rad is-layout-flow wp-block-column-is-layout-flow\">\n<figure class=\"wp-block-image size-large\"><img decoding=\"async\" src=\"https:\/\/chemicalsafety.com\/wp-content\/uploads\/2022\/10\/technology.svg\" alt=\"Technologie\"\/><\/figure>\n\n\n\n<h2 class=\"wp-block-heading\" id=\"h-technology\" style=\"font-size:1.3rem\">Technologie<\/h2>\n\n\n\n<p>Visitez notre page de l\u2019industrie technologique et d\u00e9couvrez comment le SME de ChemicalSafety peut aider \u00e0 r\u00e9soudre de nombreux d\u00e9fis d\u2019EH et S propres \u00e0 votre secteur.<br\/><a href=\"https:\/\/chemicalsafety.com\/fr\/technologie\/\">En savoir plus<\/a><\/p>\n<\/div>\n<\/div>\n\n<div class=\"wp-block-columns features-page is-layout-flex wp-container-core-columns-is-layout-28f84493 wp-block-columns-is-layout-flex\">\n<div class=\"wp-block-column with-shadow rad is-layout-flow wp-block-column-is-layout-flow\">\n<figure class=\"wp-block-image size-large\"><img decoding=\"async\" src=\"https:\/\/chemicalsafety.com\/wp-content\/uploads\/2022\/10\/goverment.svg\" alt=\"Gouvernement\"\/><\/figure>\n\n\n\n<h2 class=\"wp-block-heading\" id=\"h-government\" style=\"font-size:1.3rem\">Gouvernement<\/h2>\n\n\n\n<p>Visitez notre page Services gouvernementaux et d\u00e9couvrez comment le SME de ChemicalSafety peut aider \u00e0 r\u00e9soudre de nombreux d\u00e9fis d\u2019EH et S propres \u00e0 votre secteur.<br\/><a href=\"https:\/\/chemicalsafety.com\/fr\/gouvernement\/\">En savoir plus<\/a><\/p>\n<\/div>\n\n\n\n<div class=\"wp-block-column with-shadow rad is-layout-flow wp-block-column-is-layout-flow\">\n<figure class=\"wp-block-image size-large\"><img decoding=\"async\" src=\"https:\/\/chemicalsafety.com\/wp-content\/uploads\/2022\/10\/transportation-01-2.svg\" alt=\"TRANSPORT\"\/><\/figure>\n\n\n\n<h2 class=\"wp-block-heading\" id=\"h-transportation\" style=\"font-size:1.3rem\">TRANSPORT<\/h2>\n\n\n\n<p>Visitez notre page de l\u2019industrie des transports et d\u00e9couvrez comment emME peut aider \u00e0 r\u00e9soudre de nombreux d\u00e9fis d\u2019EH et S propres \u00e0 votre secteur.<br\/><a href=\"https:\/\/chemicalsafety.com\/fr\/transport\/\">En savoir plus<\/a><\/p>\n<\/div>\n\n\n\n<div class=\"wp-block-column with-shadow rad is-layout-flow wp-block-column-is-layout-flow\">\n<figure class=\"wp-block-image size-large\"><img decoding=\"async\" src=\"https:\/\/chemicalsafety.com\/wp-content\/uploads\/2022\/10\/energy.svg\" alt=\"&#xC9;nergie\"\/><\/figure>\n\n\n\n<h2 class=\"wp-block-heading\" id=\"h-energy\" style=\"font-size:1.3rem\">\u00c9nergie<\/h2>\n\n\n\n<p>Visitez notre page de l\u2019industrie de l\u2019\u00e9nergie et d\u00e9couvrez comment le SME de ChemicalSafety peut aider \u00e0 r\u00e9soudre de nombreux d\u00e9fis d\u2019EH et S propres \u00e0 votre secteur.<br\/><a href=\"https:\/\/chemicalsafety.com\/fr\/energie\/\">En savoir plus<\/a><\/p>\n<\/div>\n\n\n\n<div class=\"wp-block-column with-shadow rad is-layout-flow wp-block-column-is-layout-flow\">\n<figure class=\"wp-block-image size-large\"><img decoding=\"async\" src=\"https:\/\/chemicalsafety.com\/wp-content\/uploads\/2022\/10\/aerospace-2.svg\" alt=\"A&#xE9;rospatiale\"\/><\/figure>\n\n\n\n<h2 class=\"wp-block-heading\" id=\"h-aerospace\" style=\"font-size:1.3rem\">A\u00e9rospatiale<\/h2>\n\n\n\n<p>Visit our Aerospace industry page and learn how our EMS can help solve many EH&amp;S related challenges unique to your industry.<br\/><a href=\"https:\/\/chemicalsafety.com\/fr\/aerospatiale\/\">Learn more<\/a><\/p>\n<\/div>\n<\/div>\n\n<div class=\"wp-block-columns features-page is-layout-flex wp-container-core-columns-is-layout-28f84493 wp-block-columns-is-layout-flex\">\n<div class=\"wp-block-column with-shadow rad is-layout-flow wp-block-column-is-layout-flow\">\n<figure class=\"wp-block-image size-large\"><img decoding=\"async\" src=\"https:\/\/chemicalsafety.com\/wp-content\/uploads\/2022\/10\/oil-and-gas.svg\" alt=\"\"\/><\/figure>\n\n\n\n<h2 class=\"wp-block-heading\" id=\"h-oil-amp-gas\" style=\"font-size:1.3rem\">Gaz de p\u00e9trole<\/h2>\n\n\n\n<p>Visitez notre page P\u00e9trole et gaz et d\u00e9couvrez comment le SME de ChemicalSafety peut aider \u00e0 r\u00e9soudre de nombreux d\u00e9fis EH&amp;S propres \u00e0 votre secteur.<br\/><a href=\"\/oil-and-gas\/\">En savoir plus<\/a><\/p>\n<\/div>\n\n\n\n<div class=\"wp-block-column with-shadow rad is-layout-flow wp-block-column-is-layout-flow\">\n<figure class=\"wp-block-image size-large\"><img decoding=\"async\" src=\"https:\/\/chemicalsafety.com\/wp-content\/uploads\/2022\/10\/logistics.svg\" alt=\"\"\/><\/figure>\n\n\n\n<h2 class=\"wp-block-heading\" id=\"h-chemical-logistic\" style=\"font-size:1.3rem\">Logistique chimique<\/h2>\n\n\n\n<p>Visitez notre page Chemical Logistic et d\u00e9couvrez comment EMS peut aider \u00e0 r\u00e9soudre de nombreux d\u00e9fis EH&amp;S propres \u00e0 votre secteur.<br\/><a href=\"https:\/\/chemicalsafety.com\/fr\/logiciel-de-logistique-chimique\/\">En savoir plus<\/a><\/p>\n<\/div>\n\n\n\n<div class=\"wp-block-column is-layout-flow wp-block-column-is-layout-flow\"><\/div>\n\n\n\n<div class=\"wp-block-column is-layout-flow wp-block-column-is-layout-flow\"><\/div>\n<\/div>\n<\/div>\n","protected":false},"excerpt":{"rendered":"<p>Solutions de l&rsquo;industrie du logiciel EHS Le syst\u00e8me de gestion environnementale (EMS) de ChemicalSafety est la solution originale et la plus compl\u00e8te en mati\u00e8re de sant\u00e9 et de s\u00e9curit\u00e9 environnementales pour les entreprises, les coll\u00e8ges et universit\u00e9s et les agences gouvernementales.<\/p>\n","protected":false},"author":1,"featured_media":0,"parent":0,"menu_order":0,"comment_status":"closed","ping_status":"closed","template":"page-no-separators","meta":{"_eb_attr":"","_monsterinsights_skip_tracking":false,"_monsterinsights_sitenote_active":false,"_monsterinsights_sitenote_note":"","_monsterinsights_sitenote_category":0,"footnotes":""},"class_list":["post-82337","page","type-page","status-publish","hentry"],"yoast_head":"<!-- This site is optimized with the Yoast SEO Premium plugin v26.0 (Yoast SEO v26.0) - https:\/\/yoast.com\/wordpress\/plugins\/seo\/ -->\n<title>Solutions de l&#039;industrie du logiciel EHS | S\u00e9curit\u00e9 chimique<\/title>\n<meta name=\"description\" content=\"Le logiciel de gestion HSE de ChemicalSafety convient parfaitement \u00e0 une grande vari\u00e9t\u00e9 d&#039;industries, notamment les sciences de la vie, l&#039;enseignement sup\u00e9rieur, les agences gouvernementales, l&#039;arm\u00e9e, la fabrication, la technologie, les transports, l&#039;\u00e9nergie et l&#039;a\u00e9rospatiale.\" \/>\n<meta name=\"robots\" content=\"index, follow, max-snippet:-1, max-image-preview:large, max-video-preview:-1\" \/>\n<link rel=\"canonical\" href=\"https:\/\/chemicalsafety.com\/fr\/logiciel-de-gestion-ehs-solutions-sectorielles\/\" \/>\n<meta property=\"og:locale\" content=\"fr_FR\" \/>\n<meta property=\"og:type\" content=\"article\" \/>\n<meta property=\"og:title\" content=\"Solutions de l&#039;industrie du logiciel EHS | S\u00e9curit\u00e9 chimique\" \/>\n<meta property=\"og:description\" content=\"Le logiciel de gestion HSE de ChemicalSafety convient parfaitement \u00e0 une grande vari\u00e9t\u00e9 d&#039;industries, notamment les sciences de la vie, l&#039;enseignement sup\u00e9rieur, les agences gouvernementales, l&#039;arm\u00e9e, la fabrication, la technologie, les transports, l&#039;\u00e9nergie et l&#039;a\u00e9rospatiale.\" \/>\n<meta property=\"og:url\" content=\"https:\/\/chemicalsafety.com\/fr\/logiciel-de-gestion-ehs-solutions-sectorielles\/\" \/>\n<meta property=\"og:site_name\" content=\"ChemicalSafety\" \/>\n<meta property=\"article:publisher\" content=\"https:\/\/www.facebook.com\/Chemical-Safety-Software-1391503304442241\/\" \/>\n<meta property=\"article:modified_time\" content=\"2026-03-20T08:53:56+00:00\" \/>\n<meta property=\"og:image\" content=\"https:\/\/chemicalsafety.com\/wp-content\/uploads\/2023\/04\/facebook-image-no-image-post.jpg\" \/>\n\t<meta property=\"og:image:width\" content=\"1200\" \/>\n\t<meta property=\"og:image:height\" content=\"630\" \/>\n\t<meta property=\"og:image:type\" content=\"image\/jpeg\" \/>\n<meta name=\"twitter:card\" content=\"summary_large_image\" \/>\n<meta name=\"twitter:site\" content=\"@chemsafeems\" \/>\n<script type=\"application\/ld+json\" class=\"yoast-schema-graph\">{\"@context\":\"https:\/\/schema.org\",\"@graph\":[{\"@type\":\"WebPage\",\"@id\":\"https:\/\/chemicalsafety.com\/fr\/logiciel-de-gestion-ehs-solutions-sectorielles\/\",\"url\":\"https:\/\/chemicalsafety.com\/fr\/logiciel-de-gestion-ehs-solutions-sectorielles\/\",\"name\":\"Solutions de l'industrie du logiciel EHS | S\u00e9curit\u00e9 chimique\",\"isPartOf\":{\"@id\":\"https:\/\/chemicalsafety.com\/fr\/#website\"},\"datePublished\":\"2023-05-30T07:04:33+00:00\",\"dateModified\":\"2026-03-20T08:53:56+00:00\",\"description\":\"Le logiciel de gestion HSE de ChemicalSafety convient parfaitement \u00e0 une grande vari\u00e9t\u00e9 d'industries, notamment les sciences de la vie, l'enseignement sup\u00e9rieur, les agences gouvernementales, l'arm\u00e9e, la fabrication, la technologie, les transports, l'\u00e9nergie et l'a\u00e9rospatiale.\",\"inLanguage\":\"fr-FR\",\"potentialAction\":[{\"@type\":\"ReadAction\",\"target\":[\"https:\/\/chemicalsafety.com\/fr\/logiciel-de-gestion-ehs-solutions-sectorielles\/\"]}]},{\"@type\":\"WebSite\",\"@id\":\"https:\/\/chemicalsafety.com\/fr\/#website\",\"url\":\"https:\/\/chemicalsafety.com\/fr\/\",\"name\":\"ChemicalSafety\",\"description\":\"EH&amp;S Software\",\"publisher\":{\"@id\":\"https:\/\/chemicalsafety.com\/fr\/#organization\"},\"alternateName\":\"Chemical Safety Software\",\"potentialAction\":[{\"@type\":\"SearchAction\",\"target\":{\"@type\":\"EntryPoint\",\"urlTemplate\":\"https:\/\/chemicalsafety.com\/fr\/?s={search_term_string}\"},\"query-input\":{\"@type\":\"PropertyValueSpecification\",\"valueRequired\":true,\"valueName\":\"search_term_string\"}}],\"inLanguage\":\"fr-FR\"},{\"@type\":\"Organization\",\"@id\":\"https:\/\/chemicalsafety.com\/fr\/#organization\",\"name\":\"ChemicalSafety\",\"alternateName\":\"Chemical Safety Software\",\"url\":\"https:\/\/chemicalsafety.com\/fr\/\",\"logo\":{\"@type\":\"ImageObject\",\"inLanguage\":\"fr-FR\",\"@id\":\"https:\/\/chemicalsafety.com\/fr\/#\/schema\/logo\/image\/\",\"url\":\"https:\/\/chemicalsafety.com\/wp-content\/uploads\/2018\/01\/logo4.png\",\"contentUrl\":\"https:\/\/chemicalsafety.com\/wp-content\/uploads\/2018\/01\/logo4.png\",\"width\":100,\"height\":100,\"caption\":\"ChemicalSafety\"},\"image\":{\"@id\":\"https:\/\/chemicalsafety.com\/fr\/#\/schema\/logo\/image\/\"},\"sameAs\":[\"https:\/\/www.facebook.com\/Chemical-Safety-Software-1391503304442241\/\",\"https:\/\/x.com\/chemsafeems\",\"https:\/\/www.linkedin.com\/company\/chemical-safety-software\/\",\"https:\/\/www.youtube.com\/channel\/UC3i_ZkwvVM2HnmO65fzFu4A\"]}]}<\/script>\n<!-- \/ Yoast SEO Premium plugin. -->","yoast_head_json":{"title":"Solutions de l'industrie du logiciel EHS | S\u00e9curit\u00e9 chimique","description":"Le logiciel de gestion HSE de ChemicalSafety convient parfaitement \u00e0 une grande vari\u00e9t\u00e9 d'industries, notamment les sciences de la vie, l'enseignement sup\u00e9rieur, les agences gouvernementales, l'arm\u00e9e, la fabrication, la technologie, les transports, l'\u00e9nergie et l'a\u00e9rospatiale.","robots":{"index":"index","follow":"follow","max-snippet":"max-snippet:-1","max-image-preview":"max-image-preview:large","max-video-preview":"max-video-preview:-1"},"canonical":"https:\/\/chemicalsafety.com\/fr\/logiciel-de-gestion-ehs-solutions-sectorielles\/","og_locale":"fr_FR","og_type":"article","og_title":"Solutions de l'industrie du logiciel EHS | S\u00e9curit\u00e9 chimique","og_description":"Le logiciel de gestion HSE de ChemicalSafety convient parfaitement \u00e0 une grande vari\u00e9t\u00e9 d'industries, notamment les sciences de la vie, l'enseignement sup\u00e9rieur, les agences gouvernementales, l'arm\u00e9e, la fabrication, la technologie, les transports, l'\u00e9nergie et l'a\u00e9rospatiale.","og_url":"https:\/\/chemicalsafety.com\/fr\/logiciel-de-gestion-ehs-solutions-sectorielles\/","og_site_name":"ChemicalSafety","article_publisher":"https:\/\/www.facebook.com\/Chemical-Safety-Software-1391503304442241\/","article_modified_time":"2026-03-20T08:53:56+00:00","og_image":[{"width":1200,"height":630,"url":"https:\/\/chemicalsafety.com\/wp-content\/uploads\/2023\/04\/facebook-image-no-image-post.jpg","type":"image\/jpeg"}],"twitter_card":"summary_large_image","twitter_site":"@chemsafeems","schema":{"@context":"https:\/\/schema.org","@graph":[{"@type":"WebPage","@id":"https:\/\/chemicalsafety.com\/fr\/logiciel-de-gestion-ehs-solutions-sectorielles\/","url":"https:\/\/chemicalsafety.com\/fr\/logiciel-de-gestion-ehs-solutions-sectorielles\/","name":"Solutions de l'industrie du logiciel EHS | S\u00e9curit\u00e9 chimique","isPartOf":{"@id":"https:\/\/chemicalsafety.com\/fr\/#website"},"datePublished":"2023-05-30T07:04:33+00:00","dateModified":"2026-03-20T08:53:56+00:00","description":"Le logiciel de gestion HSE de ChemicalSafety convient parfaitement \u00e0 une grande vari\u00e9t\u00e9 d'industries, notamment les sciences de la vie, l'enseignement sup\u00e9rieur, les agences gouvernementales, l'arm\u00e9e, la fabrication, la technologie, les transports, l'\u00e9nergie et l'a\u00e9rospatiale.","inLanguage":"fr-FR","potentialAction":[{"@type":"ReadAction","target":["https:\/\/chemicalsafety.com\/fr\/logiciel-de-gestion-ehs-solutions-sectorielles\/"]}]},{"@type":"WebSite","@id":"https:\/\/chemicalsafety.com\/fr\/#website","url":"https:\/\/chemicalsafety.com\/fr\/","name":"ChemicalSafety","description":"EH&amp;S Software","publisher":{"@id":"https:\/\/chemicalsafety.com\/fr\/#organization"},"alternateName":"Chemical Safety Software","potentialAction":[{"@type":"SearchAction","target":{"@type":"EntryPoint","urlTemplate":"https:\/\/chemicalsafety.com\/fr\/?s={search_term_string}"},"query-input":{"@type":"PropertyValueSpecification","valueRequired":true,"valueName":"search_term_string"}}],"inLanguage":"fr-FR"},{"@type":"Organization","@id":"https:\/\/chemicalsafety.com\/fr\/#organization","name":"ChemicalSafety","alternateName":"Chemical Safety Software","url":"https:\/\/chemicalsafety.com\/fr\/","logo":{"@type":"ImageObject","inLanguage":"fr-FR","@id":"https:\/\/chemicalsafety.com\/fr\/#\/schema\/logo\/image\/","url":"https:\/\/chemicalsafety.com\/wp-content\/uploads\/2018\/01\/logo4.png","contentUrl":"https:\/\/chemicalsafety.com\/wp-content\/uploads\/2018\/01\/logo4.png","width":100,"height":100,"caption":"ChemicalSafety"},"image":{"@id":"https:\/\/chemicalsafety.com\/fr\/#\/schema\/logo\/image\/"},"sameAs":["https:\/\/www.facebook.com\/Chemical-Safety-Software-1391503304442241\/","https:\/\/x.com\/chemsafeems","https:\/\/www.linkedin.com\/company\/chemical-safety-software\/","https:\/\/www.youtube.com\/channel\/UC3i_ZkwvVM2HnmO65fzFu4A"]}]}},"_links":{"self":[{"href":"https:\/\/chemicalsafety.com\/fr\/wp-json\/wp\/v2\/pages\/82337","targetHints":{"allow":["GET"]}}],"collection":[{"href":"https:\/\/chemicalsafety.com\/fr\/wp-json\/wp\/v2\/pages"}],"about":[{"href":"https:\/\/chemicalsafety.com\/fr\/wp-json\/wp\/v2\/types\/page"}],"author":[{"embeddable":true,"href":"https:\/\/chemicalsafety.com\/fr\/wp-json\/wp\/v2\/users\/1"}],"replies":[{"embeddable":true,"href":"https:\/\/chemicalsafety.com\/fr\/wp-json\/wp\/v2\/comments?post=82337"}],"version-history":[{"count":0,"href":"https:\/\/chemicalsafety.com\/fr\/wp-json\/wp\/v2\/pages\/82337\/revisions"}],"wp:attachment":[{"href":"https:\/\/chemicalsafety.com\/fr\/wp-json\/wp\/v2\/media?parent=82337"}],"curies":[{"name":"wp","href":"https:\/\/api.w.org\/{rel}","templated":true}]}}