{"id":82392,"date":"2023-05-30T05:43:17","date_gmt":"2023-05-30T12:43:17","guid":{"rendered":"https:\/\/chemicalsafety.com\/contactez-nous\/"},"modified":"2025-01-23T23:17:58","modified_gmt":"2025-01-24T07:17:58","slug":"contactez-nous","status":"publish","type":"page","link":"https:\/\/chemicalsafety.com\/fr\/contactez-nous\/","title":{"rendered":"Contactez-nous"},"content":{"rendered":"\n<style>.cont-page .wpcf7-form>p:nth-of-type(8),.cont-page .wpcf7-form>p:nth-of-type(7){\ngrid-column: 1 \/ -1!important;\n}\n.cont-page .wpcf7-form {\n    box-shadow: 0 .275rem .75rem -.0625rem rgba(19,16,34,.06),0 .125rem .4rem -.0625rem rgba(19,16,34,.04)!important;\n    padding: 2rem 1rem 2rem 2rem;\n    border-radius: 5px;\n}\n@media (max-width: 900px){\n.cont-page .rad.has-background{\n    padding: 20px!important;\n}\n.cont-page .wpcf7-form{\n    box-shadow: unset !important;\n    padding-left: 0;\n}\n}\n<\/style>\n\n\n\n<div class=\"wp-block-group alignfull is-layout-flow wp-block-group-is-layout-flow\">\n<h1 class=\"wp-block-heading has-text-align-center has-x-large-font-size\" id=\"h-contactez-nous\">Contactez-nous<\/h1>\n<\/div>\n\n\n\n<div class=\"wp-block-group alignfull cont-parent cont-page is-layout-flow wp-block-group-is-layout-flow\" style=\"margin-top:20px;margin-bottom:45px;padding-top:3rem\">\n<div class=\"wp-block-columns are-vertically-aligned-center rad has-background is-layout-flex wp-container-core-columns-is-layout-f5a87ba3 wp-block-columns-is-layout-flex\" style=\"background-color:#f2f5f5;padding-top:2.8rem;padding-right:4.2rem;padding-bottom:2.8rem;padding-left:4.2rem\">\n<div class=\"wp-block-column is-vertically-aligned-center is-layout-flow wp-block-column-is-layout-flow\" style=\"flex-basis:40%\">\n<h3 class=\"wp-block-heading\" id=\"h-as-tu-une-question\">As-tu une question?<\/h3>\n\n\n\n<p>Nous sommes heureux d&rsquo;aider \u00e0 y r\u00e9pondre! Remplissez le formulaire de contact et l&rsquo;un de nos repr\u00e9sentants du service client vous contactera dans les 24 heures.<\/p>\n\n\n\n<p><strong>Ventes<\/strong><br><a>+1 (510) 594-1000<\/a><br><a href=\"mailto:sales@chemicalsafety.com\">sales@chemicalsafety.com<\/a><br><strong>Soutien<\/strong><br><a>+1 (510) 594-2006<\/a><br><a href=\"mailto:customercare@chemicalsafety.com\">customercare@chemicalsafety.com<\/a><\/p>\n<\/div>\n\n\n\n<div class=\"wp-block-column is-vertically-aligned-center rad has-background-background-color has-background is-layout-flow wp-block-column-is-layout-flow\">\n<div class=\"wpcf7 no-js\" id=\"wpcf7-f82396-o1\" lang=\"fr-FR\" dir=\"ltr\" data-wpcf7-id=\"82396\">\n<div class=\"screen-reader-response\"><p role=\"status\" aria-live=\"polite\" aria-atomic=\"true\"><\/p> <ul><\/ul><\/div>\n<form action=\"\/fr\/wp-json\/wp\/v2\/pages\/82392#wpcf7-f82396-o1\" method=\"post\" class=\"wpcf7-form init\" aria-label=\"Formulaire de contact\" novalidate=\"novalidate\" data-status=\"init\">\n<fieldset class=\"hidden-fields-container\"><input type=\"hidden\" name=\"_wpcf7\" value=\"82396\" \/><input type=\"hidden\" name=\"_wpcf7_version\" value=\"6.1.1\" \/><input type=\"hidden\" name=\"_wpcf7_locale\" value=\"fr_FR\" \/><input type=\"hidden\" name=\"_wpcf7_unit_tag\" value=\"wpcf7-f82396-o1\" \/><input type=\"hidden\" name=\"_wpcf7_container_post\" value=\"0\" \/><input type=\"hidden\" name=\"_wpcf7_posted_data_hash\" value=\"\" \/><input type=\"hidden\" name=\"_wpcf7_recaptcha_response\" value=\"\" \/>\n<\/fieldset>\n<p><label class=\"uabb-cf7-col-2\"> Pr\u00e9nom <span class=\"req-star\">*<\/span><br \/>\n<span class=\"wpcf7-form-control-wrap\" data-name=\"first-name\"><input size=\"40\" maxlength=\"400\" class=\"wpcf7-form-control wpcf7-text wpcf7-validates-as-required\" aria-required=\"true\" aria-invalid=\"false\" value=\"\" type=\"text\" name=\"first-name\" \/><\/span> <\/label>\n<\/p>\n<p><label class=\"uabb-cf7-col-2\"> Nom <span class=\"req-star\">*<\/span><br \/>\n<span class=\"wpcf7-form-control-wrap\" data-name=\"last-name\"><input size=\"40\" maxlength=\"400\" class=\"wpcf7-form-control wpcf7-text wpcf7-validates-as-required\" aria-required=\"true\" aria-invalid=\"false\" value=\"\" type=\"text\" name=\"last-name\" \/><\/span> <\/label>\n<\/p>\n<p><label class=\"uabb-cf7-col-2\"> Entreprise <span class=\"req-star\">*<\/span><br \/>\n<span class=\"wpcf7-form-control-wrap\" data-name=\"company\"><input size=\"40\" maxlength=\"400\" class=\"wpcf7-form-control wpcf7-text wpcf7-validates-as-required\" aria-required=\"true\" aria-invalid=\"false\" value=\"\" type=\"text\" name=\"company\" \/><\/span> <\/label>\n<\/p>\n<p><label class=\"uabb-cf7-col-2\"> Titre<br \/>\n<span class=\"wpcf7-form-control-wrap\" data-name=\"title\"><input size=\"40\" maxlength=\"400\" class=\"wpcf7-form-control wpcf7-text\" aria-invalid=\"false\" value=\"\" type=\"text\" name=\"title\" \/><\/span> <\/label>\n<\/p>\n<p><label class=\"uabb-cf7-col-2\"> Votre e-mail <span class=\"req-star\">*<\/span><br \/>\n<span class=\"wpcf7-form-control-wrap\" data-name=\"your-email\"><input size=\"40\" maxlength=\"400\" class=\"wpcf7-form-control wpcf7-email wpcf7-validates-as-required wpcf7-text wpcf7-validates-as-email\" aria-required=\"true\" aria-invalid=\"false\" value=\"\" type=\"email\" name=\"your-email\" \/><\/span> <\/label>\n<\/p>\n<p><label class=\"uabb-cf7-col-2\"> Num\u00e9ro de t\u00e9l\u00e9phone<br \/>\n<span class=\"wpcf7-form-control-wrap\" data-name=\"tel-550\"><input size=\"40\" maxlength=\"400\" class=\"wpcf7-form-control wpcf7-tel wpcf7-text wpcf7-validates-as-tel\" aria-invalid=\"false\" value=\"\" type=\"tel\" name=\"tel-550\" \/><\/span> <\/label>\n<\/p>\n<p><label class=\"uabb-cf7-col-1\"> Votre message<br \/>\n<span class=\"wpcf7-form-control-wrap\" data-name=\"your-message\"><textarea cols=\"40\" rows=\"10\" maxlength=\"2000\" class=\"wpcf7-form-control wpcf7-textarea\" aria-invalid=\"false\" name=\"your-message\"><\/textarea><\/span> <\/label>\n<\/p>\n<input class=\"wpcf7-form-control wpcf7-hidden\" value=\"Website Contact Us\" type=\"hidden\" name=\"lead-source\" \/>\n<input class=\"wpcf7-form-control wpcf7-hidden\" value=\"Website Contact Us\" type=\"hidden\" name=\"page-source\" \/>\n<input class=\"wpcf7-form-control wpcf7-hidden\" value=\"Website Contact Us\" type=\"hidden\" name=\"lead-url\" \/>\n<p><span class=\"wpcf7-form-control-wrap\" data-name=\"acceptance-399\"><span class=\"wpcf7-form-control wpcf7-acceptance\"><span class=\"wpcf7-list-item\"><label><input type=\"checkbox\" name=\"acceptance-399\" value=\"1\" aria-invalid=\"false\" \/><span class=\"wpcf7-list-item-label\">J\u2019accepte <a href=\"https:\/\/chemicalsafety.com\/privacy\/\" target=\"_blank\">la politique de confidentialit\u00e9 de ChemicalSafety<\/a><\/span><\/label><\/span><\/span><\/span><br \/>\n<span class=\"wpcf7-form-control-wrap\" data-name=\"mobile-opt-in\"><span class=\"wpcf7-form-control wpcf7-acceptance optional\"><span class=\"wpcf7-list-item\"><label><input type=\"checkbox\" name=\"mobile-opt-in\" value=\"1\" aria-invalid=\"false\" \/><span class=\"wpcf7-list-item-label\">Inscrivez-vous pour recevoir des notifications par SMS, des alertes et des communications marketing occasionnelles<\/span><\/label><\/span><\/span><\/span>\n<\/p>\n<p><input class=\"wpcf7-form-control wpcf7-submit has-spinner\" type=\"submit\" value=\"Soumettre\" \/>\n<\/p><input type='hidden' class='wpcf7-pum' value='{\"closepopup\":false,\"closedelay\":0,\"openpopup\":false,\"openpopup_id\":0}' \/><div class=\"wpcf7-response-output\" aria-hidden=\"true\"><\/div>\n<\/form>\n<\/div>\n\n<\/div>\n<\/div>\n<\/div>\n","protected":false},"excerpt":{"rendered":"<p>Contactez-nous As-tu une question? Nous sommes heureux d&rsquo;aider \u00e0 y r\u00e9pondre! Remplissez le formulaire de contact et l&rsquo;un de nos repr\u00e9sentants du service client vous contactera dans les 24 heures. Ventes+1 (510) 594-1000sales@chemicalsafety.comSoutien+1 (510) 594-2006customercare@chemicalsafety.com<\/p>\n","protected":false},"author":1,"featured_media":0,"parent":0,"menu_order":0,"comment_status":"closed","ping_status":"open","template":"page-no-separators","meta":{"_eb_attr":"","_monsterinsights_skip_tracking":false,"_monsterinsights_sitenote_active":false,"_monsterinsights_sitenote_note":"","_monsterinsights_sitenote_category":0,"footnotes":""},"class_list":["post-82392","page","type-page","status-publish","hentry"],"yoast_head":"<!-- This site is optimized with the Yoast SEO Premium plugin v26.0 (Yoast SEO v26.0) - https:\/\/yoast.com\/wordpress\/plugins\/seo\/ -->\n<title>Contactez-nous<\/title>\n<meta name=\"description\" content=\"SFS Chemical Safety aimerait avoir de vos nouvelles. Appelez-nous au 888-594-1100 ou envoyez-nous un e-mail \u00e0 ems@chemicalsafety.com.\" \/>\n<meta name=\"robots\" content=\"index, follow, max-snippet:-1, max-image-preview:large, max-video-preview:-1\" \/>\n<link rel=\"canonical\" href=\"https:\/\/chemicalsafety.com\/fr\/contactez-nous\/\" \/>\n<meta property=\"og:locale\" content=\"fr_FR\" \/>\n<meta property=\"og:type\" content=\"article\" \/>\n<meta property=\"og:title\" content=\"Contactez-nous\" \/>\n<meta property=\"og:description\" content=\"SFS Chemical Safety aimerait avoir de vos nouvelles. Appelez-nous au 888-594-1100 ou envoyez-nous un e-mail \u00e0 ems@chemicalsafety.com.\" \/>\n<meta property=\"og:url\" content=\"https:\/\/chemicalsafety.com\/fr\/contactez-nous\/\" \/>\n<meta property=\"og:site_name\" content=\"ChemicalSafety\" \/>\n<meta property=\"article:publisher\" content=\"https:\/\/www.facebook.com\/Chemical-Safety-Software-1391503304442241\/\" \/>\n<meta property=\"article:modified_time\" content=\"2025-01-24T07:17:58+00:00\" \/>\n<meta property=\"og:image\" content=\"https:\/\/chemicalsafety.com\/wp-content\/uploads\/2023\/04\/facebook-image-no-image-post.jpg\" \/>\n\t<meta property=\"og:image:width\" content=\"1200\" \/>\n\t<meta property=\"og:image:height\" content=\"630\" \/>\n\t<meta property=\"og:image:type\" content=\"image\/jpeg\" \/>\n<meta name=\"twitter:card\" content=\"summary_large_image\" \/>\n<meta name=\"twitter:site\" content=\"@chemsafeems\" \/>\n<meta name=\"twitter:label1\" content=\"Dur\u00e9e de lecture estim\u00e9e\" \/>\n\t<meta name=\"twitter:data1\" content=\"1 minute\" \/>\n<script type=\"application\/ld+json\" class=\"yoast-schema-graph\">{\"@context\":\"https:\/\/schema.org\",\"@graph\":[{\"@type\":\"WebPage\",\"@id\":\"https:\/\/chemicalsafety.com\/fr\/contactez-nous\/\",\"url\":\"https:\/\/chemicalsafety.com\/fr\/contactez-nous\/\",\"name\":\"Contactez-nous\",\"isPartOf\":{\"@id\":\"https:\/\/chemicalsafety.com\/fr\/#website\"},\"datePublished\":\"2023-05-30T12:43:17+00:00\",\"dateModified\":\"2025-01-24T07:17:58+00:00\",\"description\":\"SFS Chemical Safety aimerait avoir de vos nouvelles. Appelez-nous au 888-594-1100 ou envoyez-nous un e-mail \u00e0 ems@chemicalsafety.com.\",\"inLanguage\":\"fr-FR\",\"potentialAction\":[{\"@type\":\"ReadAction\",\"target\":[\"https:\/\/chemicalsafety.com\/fr\/contactez-nous\/\"]}]},{\"@type\":\"WebSite\",\"@id\":\"https:\/\/chemicalsafety.com\/fr\/#website\",\"url\":\"https:\/\/chemicalsafety.com\/fr\/\",\"name\":\"ChemicalSafety\",\"description\":\"EH&amp;S Software\",\"publisher\":{\"@id\":\"https:\/\/chemicalsafety.com\/fr\/#organization\"},\"alternateName\":\"Chemical Safety Software\",\"potentialAction\":[{\"@type\":\"SearchAction\",\"target\":{\"@type\":\"EntryPoint\",\"urlTemplate\":\"https:\/\/chemicalsafety.com\/fr\/?s={search_term_string}\"},\"query-input\":{\"@type\":\"PropertyValueSpecification\",\"valueRequired\":true,\"valueName\":\"search_term_string\"}}],\"inLanguage\":\"fr-FR\"},{\"@type\":\"Organization\",\"@id\":\"https:\/\/chemicalsafety.com\/fr\/#organization\",\"name\":\"ChemicalSafety\",\"alternateName\":\"Chemical Safety Software\",\"url\":\"https:\/\/chemicalsafety.com\/fr\/\",\"logo\":{\"@type\":\"ImageObject\",\"inLanguage\":\"fr-FR\",\"@id\":\"https:\/\/chemicalsafety.com\/fr\/#\/schema\/logo\/image\/\",\"url\":\"https:\/\/chemicalsafety.com\/wp-content\/uploads\/2018\/01\/logo4.png\",\"contentUrl\":\"https:\/\/chemicalsafety.com\/wp-content\/uploads\/2018\/01\/logo4.png\",\"width\":100,\"height\":100,\"caption\":\"ChemicalSafety\"},\"image\":{\"@id\":\"https:\/\/chemicalsafety.com\/fr\/#\/schema\/logo\/image\/\"},\"sameAs\":[\"https:\/\/www.facebook.com\/Chemical-Safety-Software-1391503304442241\/\",\"https:\/\/x.com\/chemsafeems\",\"https:\/\/www.linkedin.com\/company\/chemical-safety-software\/\",\"https:\/\/www.youtube.com\/channel\/UC3i_ZkwvVM2HnmO65fzFu4A\"]}]}<\/script>\n<!-- \/ Yoast SEO Premium plugin. -->","yoast_head_json":{"title":"Contactez-nous","description":"SFS Chemical Safety aimerait avoir de vos nouvelles. Appelez-nous au 888-594-1100 ou envoyez-nous un e-mail \u00e0 ems@chemicalsafety.com.","robots":{"index":"index","follow":"follow","max-snippet":"max-snippet:-1","max-image-preview":"max-image-preview:large","max-video-preview":"max-video-preview:-1"},"canonical":"https:\/\/chemicalsafety.com\/fr\/contactez-nous\/","og_locale":"fr_FR","og_type":"article","og_title":"Contactez-nous","og_description":"SFS Chemical Safety aimerait avoir de vos nouvelles. Appelez-nous au 888-594-1100 ou envoyez-nous un e-mail \u00e0 ems@chemicalsafety.com.","og_url":"https:\/\/chemicalsafety.com\/fr\/contactez-nous\/","og_site_name":"ChemicalSafety","article_publisher":"https:\/\/www.facebook.com\/Chemical-Safety-Software-1391503304442241\/","article_modified_time":"2025-01-24T07:17:58+00:00","og_image":[{"width":1200,"height":630,"url":"https:\/\/chemicalsafety.com\/wp-content\/uploads\/2023\/04\/facebook-image-no-image-post.jpg","type":"image\/jpeg"}],"twitter_card":"summary_large_image","twitter_site":"@chemsafeems","twitter_misc":{"Dur\u00e9e de lecture estim\u00e9e":"1 minute"},"schema":{"@context":"https:\/\/schema.org","@graph":[{"@type":"WebPage","@id":"https:\/\/chemicalsafety.com\/fr\/contactez-nous\/","url":"https:\/\/chemicalsafety.com\/fr\/contactez-nous\/","name":"Contactez-nous","isPartOf":{"@id":"https:\/\/chemicalsafety.com\/fr\/#website"},"datePublished":"2023-05-30T12:43:17+00:00","dateModified":"2025-01-24T07:17:58+00:00","description":"SFS Chemical Safety aimerait avoir de vos nouvelles. Appelez-nous au 888-594-1100 ou envoyez-nous un e-mail \u00e0 ems@chemicalsafety.com.","inLanguage":"fr-FR","potentialAction":[{"@type":"ReadAction","target":["https:\/\/chemicalsafety.com\/fr\/contactez-nous\/"]}]},{"@type":"WebSite","@id":"https:\/\/chemicalsafety.com\/fr\/#website","url":"https:\/\/chemicalsafety.com\/fr\/","name":"ChemicalSafety","description":"EH&amp;S Software","publisher":{"@id":"https:\/\/chemicalsafety.com\/fr\/#organization"},"alternateName":"Chemical Safety Software","potentialAction":[{"@type":"SearchAction","target":{"@type":"EntryPoint","urlTemplate":"https:\/\/chemicalsafety.com\/fr\/?s={search_term_string}"},"query-input":{"@type":"PropertyValueSpecification","valueRequired":true,"valueName":"search_term_string"}}],"inLanguage":"fr-FR"},{"@type":"Organization","@id":"https:\/\/chemicalsafety.com\/fr\/#organization","name":"ChemicalSafety","alternateName":"Chemical Safety Software","url":"https:\/\/chemicalsafety.com\/fr\/","logo":{"@type":"ImageObject","inLanguage":"fr-FR","@id":"https:\/\/chemicalsafety.com\/fr\/#\/schema\/logo\/image\/","url":"https:\/\/chemicalsafety.com\/wp-content\/uploads\/2018\/01\/logo4.png","contentUrl":"https:\/\/chemicalsafety.com\/wp-content\/uploads\/2018\/01\/logo4.png","width":100,"height":100,"caption":"ChemicalSafety"},"image":{"@id":"https:\/\/chemicalsafety.com\/fr\/#\/schema\/logo\/image\/"},"sameAs":["https:\/\/www.facebook.com\/Chemical-Safety-Software-1391503304442241\/","https:\/\/x.com\/chemsafeems","https:\/\/www.linkedin.com\/company\/chemical-safety-software\/","https:\/\/www.youtube.com\/channel\/UC3i_ZkwvVM2HnmO65fzFu4A"]}]}},"_links":{"self":[{"href":"https:\/\/chemicalsafety.com\/fr\/wp-json\/wp\/v2\/pages\/82392","targetHints":{"allow":["GET"]}}],"collection":[{"href":"https:\/\/chemicalsafety.com\/fr\/wp-json\/wp\/v2\/pages"}],"about":[{"href":"https:\/\/chemicalsafety.com\/fr\/wp-json\/wp\/v2\/types\/page"}],"author":[{"embeddable":true,"href":"https:\/\/chemicalsafety.com\/fr\/wp-json\/wp\/v2\/users\/1"}],"replies":[{"embeddable":true,"href":"https:\/\/chemicalsafety.com\/fr\/wp-json\/wp\/v2\/comments?post=82392"}],"version-history":[{"count":0,"href":"https:\/\/chemicalsafety.com\/fr\/wp-json\/wp\/v2\/pages\/82392\/revisions"}],"wp:attachment":[{"href":"https:\/\/chemicalsafety.com\/fr\/wp-json\/wp\/v2\/media?parent=82392"}],"curies":[{"name":"wp","href":"https:\/\/api.w.org\/{rel}","templated":true}]}}