{"id":82569,"date":"2023-05-31T05:49:05","date_gmt":"2023-05-31T12:49:05","guid":{"rendered":"https:\/\/chemicalsafety.com\/logiciel-ems-dentreprise\/"},"modified":"2026-04-03T04:10:09","modified_gmt":"2026-04-03T11:10:09","slug":"logiciel-ems-dentreprise","status":"publish","type":"page","link":"https:\/\/chemicalsafety.com\/fr\/logiciel-ems-dentreprise\/","title":{"rendered":"Logiciel EMS d&rsquo;entreprise"},"content":{"rendered":"\n<div class=\"wp-block-group alignfull solutions-top-section has-background is-layout-flow wp-block-group-is-layout-flow\" style=\"background-color:#e9eff0;padding-bottom:2rem\">\n<div class=\"wp-block-columns are-vertically-aligned-center is-layout-flex wp-container-core-columns-is-layout-28f84493 wp-block-columns-is-layout-flex\">\n<div class=\"wp-block-column is-vertically-aligned-center is-layout-flow wp-block-column-is-layout-flow\">\n<h1 class=\"wp-block-heading\" id=\"h-ems-for-enterprise-management\" style=\"margin-bottom:1.5rem\">EMS pour la gestion d&rsquo;entreprise<\/h1>\n\n\n\n<p>EMS for Enterprise management est une solution enti\u00e8rement compl\u00e8te et personnalisable pour les op\u00e9rations \u00e0 grande \u00e9chelle. Tous les modules EMS sont inclus, <a href=\"https:\/\/chemicalsafety.com\/chemical-inventory-tracking-software\/\">la gestion des stocks de produits chimiques<\/a> , <a href=\"https:\/\/chemicalsafety.com\/msds-database\/\">l&rsquo;\u00e9tiquetage SDS et SGH<\/a> , <a href=\"https:\/\/chemicalsafety.com\/fr\/logiciel-de-gestion-des-dechets-dangereux\/\">la gestion des d\u00e9chets dangereux<\/a> , <a href=\"https:\/\/chemicalsafety.com\/fr\/radioisotope-tracking\/\">le syst\u00e8me de suivi des radio-isotopes<\/a> , <a href=\"https:\/\/chemicalsafety.com\/fr\/securite-et-conformite-des-installations\/\">la s\u00e9curit\u00e9 et la conformit\u00e9 des installations<\/a> , <a href=\"https:\/\/chemicalsafety.com\/fr\/rapports-reglementaires\/\">la conformit\u00e9 environnementale<\/a> et <a href=\"https:\/\/chemicalsafety.com\/fr\/securite-des-employes-sur-le-lieu-de-travail\/\">la s\u00e9curit\u00e9 des employ\u00e9s sur le lieu de travail<\/a> , ainsi que l&rsquo;int\u00e9gration de logiciels, les vues globales de plusieurs installations, la planification des ressources , et plus. <\/p>\n<\/div>\n\n\n\n<div class=\"wp-block-column is-vertically-aligned-center is-layout-flow wp-block-column-is-layout-flow\">\n<figure class=\"wp-block-image size-large hide-small\"><img decoding=\"async\" src=\"https:\/\/chemicalsafety.com\/wp-content\/uploads\/2022\/10\/enterprise.png\" alt=\"Entreprise\"\/><\/figure>\n<\/div>\n<\/div>\n<\/div>\n\n<div class=\"wp-block-group alignfull is-layout-flow wp-block-group-is-layout-flow\">\n<div class=\"wp-block-columns are-vertically-aligned-center is-layout-flex wp-container-core-columns-is-layout-28f84493 wp-block-columns-is-layout-flex\">\n<div class=\"wp-block-column is-vertically-aligned-center hide-small is-layout-flow wp-block-column-is-layout-flow\">\n<figure class=\"wp-block-image size-large\"><img decoding=\"async\" src=\"https:\/\/chemicalsafety.com\/wp-content\/uploads\/2022\/10\/enterprise-1.png\" alt=\"\"\/><\/figure>\n<\/div>\n\n\n\n<div class=\"wp-block-column is-vertically-aligned-center is-layout-flow wp-block-column-is-layout-flow\">\n<h2 class=\"wp-block-heading has-text-align-center\" id=\"h-integrations\">Int\u00e9grations<\/h2>\n\n\n\n<p class=\"has-text-align-center\">L&rsquo;un des \u00e9l\u00e9ments cl\u00e9s du d\u00e9ploiement d&rsquo;un logiciel d&rsquo;entreprise EHS r\u00e9ussi est l&rsquo;int\u00e9gration des syst\u00e8mes clients existants avec notre logiciel EMS \u00e0 l&rsquo;aide d&rsquo;interfaces de programmation d&rsquo;applications (API). Les API connectent et communiquent des \u00e9l\u00e9ments de donn\u00e9es entre les logiciels et les bases de donn\u00e9es pour \u00e9changer des informations pour les fonctions commerciales critiques.<\/p>\n\n\n\n<p class=\"has-text-align-center\"><a href=\"https:\/\/chemicalsafety.com\/fr\/integrations-personnalisees-ehs\/\">En savoir plus<\/a><\/p>\n<\/div>\n<\/div>\n\n\n\n<div class=\"wp-block-columns are-vertically-aligned-center is-layout-flex wp-container-core-columns-is-layout-28f84493 wp-block-columns-is-layout-flex\">\n<div class=\"wp-block-column is-vertically-aligned-center is-layout-flow wp-block-column-is-layout-flow\">\n<p class=\"has-text-align-center\">ChemicalSafety utilise des interfaces int\u00e9gr\u00e9es pour transf\u00e9rer les \u00e9l\u00e9ments de donn\u00e9es existants \u00e0 partir de l\u2019inventaire chimique, des SDS &lt; d\u00e9chets, de l\u2019emplacement, des employ\u00e9s et d\u2019autres bases de donn\u00e9es qui acc\u00e9l\u00e8rent le d\u00e9ploiement et am\u00e9liorent consid\u00e9rablement la pr\u00e9cision des donn\u00e9es.<\/p>\n<\/div>\n\n\n\n<div class=\"wp-block-column is-vertically-aligned-center hide-small is-layout-flow wp-block-column-is-layout-flow\">\n<figure class=\"wp-block-image size-large\"><img decoding=\"async\" src=\"https:\/\/chemicalsafety.com\/wp-content\/uploads\/2022\/10\/enterprise-2.png\" alt=\"\"\/><\/figure>\n<\/div>\n<\/div>\n\n\n\n<div class=\"wp-block-columns are-vertically-aligned-center is-layout-flex wp-container-core-columns-is-layout-28f84493 wp-block-columns-is-layout-flex\">\n<div class=\"wp-block-column is-vertically-aligned-center hide-small is-layout-flow wp-block-column-is-layout-flow\">\n<figure class=\"wp-block-image size-large\"><img decoding=\"async\" src=\"https:\/\/chemicalsafety.com\/wp-content\/uploads\/2022\/10\/enterprise-customers.png\" alt=\"\"\/><\/figure>\n<\/div>\n\n\n\n<div class=\"wp-block-column is-vertically-aligned-center is-layout-flow wp-block-column-is-layout-flow\">\n<p class=\"has-text-align-center\">ChemicalSafety a aid\u00e9 les organisations \u00e0 connecter des applications ERP telles que SAP, Oracle PeopleSoft, EPICOR et d\u2019autres pour \u00e9changer des \u00e9l\u00e9ments de donn\u00e9es sur les achats et les employ\u00e9s. Des interfaces API similaires ont \u00e9t\u00e9 cr\u00e9\u00e9es pour les syst\u00e8mes de gestion des informations de laboratoire (LIMS), les syst\u00e8mes de gestion des risques, les syst\u00e8mes de reporting gouvernementaux et autres.<\/p>\n<\/div>\n<\/div>\n<\/div>\n\n<div class=\"wp-block-group alignfull is-layout-flow wp-block-group-is-layout-flow\">\n<div class=\"wp-block-columns is-layout-flex wp-container-core-columns-is-layout-28f84493 wp-block-columns-is-layout-flex\">\n<div class=\"wp-block-column is-layout-flow wp-block-column-is-layout-flow\">\n<div class=\"wp-block-columns are-vertically-aligned-center is-layout-flex wp-container-core-columns-is-layout-28f84493 wp-block-columns-is-layout-flex\">\n<div class=\"wp-block-column is-vertically-aligned-center is-layout-flow wp-block-column-is-layout-flow\">\n<h2 class=\"wp-block-heading has-text-align-left\" id=\"h-our-enterprise-customers-nbsp\">Nos clients Entreprises <\/h2>\n\n\n\n<p class=\"has-text-align-left\">De nombreuses organisations parmi les plus importantes au monde font confiance au logiciel EMS de ChemicalSafety pour les aider \u00e0 g\u00e9rer leurs op\u00e9rations EHS. <\/p>\n\n\n\n<div class=\"wp-block-essential-blocks-button cbtn-action hide-small\"><div class=\"eb-parent-wrapper eb-parent-eb-button-46uzmt3 \"><div class=\"eb-button-wrapper eb-button-alignment eb-button-46uzmt3\"><div class=\"eb-button\"><a class=\"eb-button-anchor\" href=\"https:\/\/chemicalsafety.com\/our-clients\/\" rel=\"noopener\">Voir tous les clients<\/a><\/div><\/div><\/div><\/div>\n<\/div>\n\n\n\n<div class=\"wp-block-column is-vertically-aligned-center is-layout-flow wp-block-column-is-layout-flow\" style=\"flex-basis:65%\">\n<figure class=\"wp-block-image size-large\"><img decoding=\"async\" src=\"https:\/\/chemicalsafety.com\/wp-content\/uploads\/2022\/10\/enterprise-logo-clients.png\" alt=\"\"\/><\/figure>\n\n\n\n<div class=\"wp-block-essential-blocks-button cbtn-action hide-l\"><div class=\"eb-parent-wrapper eb-parent-eb-button-ki6f5qu \"><div class=\"eb-button-wrapper eb-button-alignment eb-button-ki6f5qu\"><div class=\"eb-button\"><a class=\"eb-button-anchor\" href=\"https:\/\/chemicalsafety.com\/our-clients\/\" rel=\"noopener\">Voir tous les clients<\/a><\/div><\/div><\/div><\/div>\n<\/div>\n<\/div>\n<\/div>\n<\/div>\n<\/div>\n\n<div class=\"wp-block-group alignfull home-banner-call is-layout-flow wp-block-group-is-layout-flow\" style=\"padding-top:4rem\">\n<div class=\"wp-block-columns are-vertically-aligned-center has-background is-layout-flex wp-container-core-columns-is-layout-bc4f5def wp-block-columns-is-layout-flex\" style=\"background-color:#e9eff0;padding-top:5rem;padding-right:5rem;padding-bottom:5rem;padding-left:5rem\">\n<div class=\"wp-block-column is-vertically-aligned-center is-layout-flow wp-block-column-is-layout-flow\" style=\"flex-basis:70%\">\n<h2 class=\"wp-block-heading\" id=\"h-industry-specific-solutions-accelerate-implementation-timelines\">Solutions sp\u00e9cifiques \u00e0 l\u2019industrie Acc\u00e9l\u00e9rer<br\/>D\u00e9lais de mise en \u0153uvre<\/h2>\n<\/div>\n\n\n\n<div class=\"wp-block-column is-vertically-aligned-center is-layout-flow wp-block-column-is-layout-flow\">\n<div class=\"wp-block-essential-blocks-button popmake-74335\"><div class=\"eb-parent-wrapper eb-parent-eb-button-renjftq \"><div class=\"eb-button-wrapper eb-button-alignment eb-button-renjftq\"><div class=\"eb-button\"><a class=\"eb-button-anchor\" href=\"request-a-demo-popup\" rel=\"noopener\">Demander une d\u00e9monstration en direct<\/a><\/div><\/div><\/div><\/div>\n<\/div>\n<\/div>\n<\/div>\n","protected":false},"excerpt":{"rendered":"<p>EMS pour la gestion d&rsquo;entreprise EMS for Enterprise management est une solution enti\u00e8rement compl\u00e8te et personnalisable pour les op\u00e9rations \u00e0 grande \u00e9chelle. Tous les modules EMS sont inclus, la gestion des stocks de produits chimiques , l&rsquo;\u00e9tiquetage SDS et SGH , la gestion des d\u00e9chets dangereux , le syst\u00e8me de suivi des radio-isotopes , la [&hellip;]<\/p>\n","protected":false},"author":1,"featured_media":0,"parent":0,"menu_order":0,"comment_status":"closed","ping_status":"open","template":"solutions-page","meta":{"_eb_attr":"","_monsterinsights_skip_tracking":false,"_monsterinsights_sitenote_active":false,"_monsterinsights_sitenote_note":"","_monsterinsights_sitenote_category":0,"footnotes":""},"class_list":["post-82569","page","type-page","status-publish","hentry"],"yoast_head":"<!-- This site is optimized with the Yoast SEO Premium plugin v26.0 (Yoast SEO v26.0) - https:\/\/yoast.com\/wordpress\/plugins\/seo\/ -->\n<title>Logiciel EMS d&#039;entreprise<\/title>\n<meta name=\"description\" content=\"SFS ChemicalSafety a 26 ans d&#039;exp\u00e9rience dans la mise en \u0153uvre d&#039;EMS \u00e0 l&#039;\u00e9chelle de l&#039;entreprise. En savoir plus sur la fa\u00e7on dont nous pouvons vous aider ici. En savoir plus sur la fa\u00e7on dont nous pouvons vous aider ici.\" \/>\n<meta name=\"robots\" content=\"index, follow, max-snippet:-1, max-image-preview:large, max-video-preview:-1\" \/>\n<link rel=\"canonical\" href=\"https:\/\/chemicalsafety.com\/fr\/logiciel-ems-dentreprise\/\" \/>\n<meta property=\"og:locale\" content=\"fr_FR\" \/>\n<meta property=\"og:type\" content=\"article\" \/>\n<meta property=\"og:title\" content=\"Logiciel EMS d&#039;entreprise\" \/>\n<meta property=\"og:description\" content=\"SFS ChemicalSafety a 26 ans d&#039;exp\u00e9rience dans la mise en \u0153uvre d&#039;EMS \u00e0 l&#039;\u00e9chelle de l&#039;entreprise. En savoir plus sur la fa\u00e7on dont nous pouvons vous aider ici. En savoir plus sur la fa\u00e7on dont nous pouvons vous aider ici.\" \/>\n<meta property=\"og:url\" content=\"https:\/\/chemicalsafety.com\/fr\/logiciel-ems-dentreprise\/\" \/>\n<meta property=\"og:site_name\" content=\"ChemicalSafety\" \/>\n<meta property=\"article:publisher\" content=\"https:\/\/www.facebook.com\/Chemical-Safety-Software-1391503304442241\/\" \/>\n<meta property=\"article:modified_time\" content=\"2026-04-03T11:10:09+00:00\" \/>\n<meta property=\"og:image\" content=\"https:\/\/chemicalsafety.com\/wp-content\/uploads\/2022\/10\/enterprise.png\" \/>\n<meta name=\"twitter:card\" content=\"summary_large_image\" \/>\n<meta name=\"twitter:site\" content=\"@chemsafeems\" \/>\n<meta name=\"twitter:label1\" content=\"Dur\u00e9e de lecture estim\u00e9e\" \/>\n\t<meta name=\"twitter:data1\" content=\"2 minutes\" \/>\n<script type=\"application\/ld+json\" class=\"yoast-schema-graph\">{\"@context\":\"https:\/\/schema.org\",\"@graph\":[{\"@type\":\"WebPage\",\"@id\":\"https:\/\/chemicalsafety.com\/fr\/logiciel-ems-dentreprise\/\",\"url\":\"https:\/\/chemicalsafety.com\/fr\/logiciel-ems-dentreprise\/\",\"name\":\"Logiciel EMS d'entreprise\",\"isPartOf\":{\"@id\":\"https:\/\/chemicalsafety.com\/fr\/#website\"},\"primaryImageOfPage\":{\"@id\":\"https:\/\/chemicalsafety.com\/fr\/logiciel-ems-dentreprise\/#primaryimage\"},\"image\":{\"@id\":\"https:\/\/chemicalsafety.com\/fr\/logiciel-ems-dentreprise\/#primaryimage\"},\"thumbnailUrl\":\"https:\/\/chemicalsafety.com\/wp-content\/uploads\/2022\/10\/enterprise.png\",\"datePublished\":\"2023-05-31T12:49:05+00:00\",\"dateModified\":\"2026-04-03T11:10:09+00:00\",\"description\":\"SFS ChemicalSafety a 26 ans d'exp\u00e9rience dans la mise en \u0153uvre d'EMS \u00e0 l'\u00e9chelle de l'entreprise. En savoir plus sur la fa\u00e7on dont nous pouvons vous aider ici. En savoir plus sur la fa\u00e7on dont nous pouvons vous aider ici.\",\"inLanguage\":\"fr-FR\",\"potentialAction\":[{\"@type\":\"ReadAction\",\"target\":[\"https:\/\/chemicalsafety.com\/fr\/logiciel-ems-dentreprise\/\"]}]},{\"@type\":\"ImageObject\",\"inLanguage\":\"fr-FR\",\"@id\":\"https:\/\/chemicalsafety.com\/fr\/logiciel-ems-dentreprise\/#primaryimage\",\"url\":\"https:\/\/chemicalsafety.com\/wp-content\/uploads\/2022\/10\/enterprise.png\",\"contentUrl\":\"https:\/\/chemicalsafety.com\/wp-content\/uploads\/2022\/10\/enterprise.png\"},{\"@type\":\"WebSite\",\"@id\":\"https:\/\/chemicalsafety.com\/fr\/#website\",\"url\":\"https:\/\/chemicalsafety.com\/fr\/\",\"name\":\"ChemicalSafety\",\"description\":\"EH&amp;S Software\",\"publisher\":{\"@id\":\"https:\/\/chemicalsafety.com\/fr\/#organization\"},\"alternateName\":\"Chemical Safety Software\",\"potentialAction\":[{\"@type\":\"SearchAction\",\"target\":{\"@type\":\"EntryPoint\",\"urlTemplate\":\"https:\/\/chemicalsafety.com\/fr\/?s={search_term_string}\"},\"query-input\":{\"@type\":\"PropertyValueSpecification\",\"valueRequired\":true,\"valueName\":\"search_term_string\"}}],\"inLanguage\":\"fr-FR\"},{\"@type\":\"Organization\",\"@id\":\"https:\/\/chemicalsafety.com\/fr\/#organization\",\"name\":\"ChemicalSafety\",\"alternateName\":\"Chemical Safety Software\",\"url\":\"https:\/\/chemicalsafety.com\/fr\/\",\"logo\":{\"@type\":\"ImageObject\",\"inLanguage\":\"fr-FR\",\"@id\":\"https:\/\/chemicalsafety.com\/fr\/#\/schema\/logo\/image\/\",\"url\":\"https:\/\/chemicalsafety.com\/wp-content\/uploads\/2018\/01\/logo4.png\",\"contentUrl\":\"https:\/\/chemicalsafety.com\/wp-content\/uploads\/2018\/01\/logo4.png\",\"width\":100,\"height\":100,\"caption\":\"ChemicalSafety\"},\"image\":{\"@id\":\"https:\/\/chemicalsafety.com\/fr\/#\/schema\/logo\/image\/\"},\"sameAs\":[\"https:\/\/www.facebook.com\/Chemical-Safety-Software-1391503304442241\/\",\"https:\/\/x.com\/chemsafeems\",\"https:\/\/www.linkedin.com\/company\/chemical-safety-software\/\",\"https:\/\/www.youtube.com\/channel\/UC3i_ZkwvVM2HnmO65fzFu4A\"]}]}<\/script>\n<!-- \/ Yoast SEO Premium plugin. -->","yoast_head_json":{"title":"Logiciel EMS d'entreprise","description":"SFS ChemicalSafety a 26 ans d'exp\u00e9rience dans la mise en \u0153uvre d'EMS \u00e0 l'\u00e9chelle de l'entreprise. En savoir plus sur la fa\u00e7on dont nous pouvons vous aider ici. En savoir plus sur la fa\u00e7on dont nous pouvons vous aider ici.","robots":{"index":"index","follow":"follow","max-snippet":"max-snippet:-1","max-image-preview":"max-image-preview:large","max-video-preview":"max-video-preview:-1"},"canonical":"https:\/\/chemicalsafety.com\/fr\/logiciel-ems-dentreprise\/","og_locale":"fr_FR","og_type":"article","og_title":"Logiciel EMS d'entreprise","og_description":"SFS ChemicalSafety a 26 ans d'exp\u00e9rience dans la mise en \u0153uvre d'EMS \u00e0 l'\u00e9chelle de l'entreprise. En savoir plus sur la fa\u00e7on dont nous pouvons vous aider ici. En savoir plus sur la fa\u00e7on dont nous pouvons vous aider ici.","og_url":"https:\/\/chemicalsafety.com\/fr\/logiciel-ems-dentreprise\/","og_site_name":"ChemicalSafety","article_publisher":"https:\/\/www.facebook.com\/Chemical-Safety-Software-1391503304442241\/","article_modified_time":"2026-04-03T11:10:09+00:00","og_image":[{"url":"https:\/\/chemicalsafety.com\/wp-content\/uploads\/2022\/10\/enterprise.png","type":"","width":"","height":""}],"twitter_card":"summary_large_image","twitter_site":"@chemsafeems","twitter_misc":{"Dur\u00e9e de lecture estim\u00e9e":"2 minutes"},"schema":{"@context":"https:\/\/schema.org","@graph":[{"@type":"WebPage","@id":"https:\/\/chemicalsafety.com\/fr\/logiciel-ems-dentreprise\/","url":"https:\/\/chemicalsafety.com\/fr\/logiciel-ems-dentreprise\/","name":"Logiciel EMS d'entreprise","isPartOf":{"@id":"https:\/\/chemicalsafety.com\/fr\/#website"},"primaryImageOfPage":{"@id":"https:\/\/chemicalsafety.com\/fr\/logiciel-ems-dentreprise\/#primaryimage"},"image":{"@id":"https:\/\/chemicalsafety.com\/fr\/logiciel-ems-dentreprise\/#primaryimage"},"thumbnailUrl":"https:\/\/chemicalsafety.com\/wp-content\/uploads\/2022\/10\/enterprise.png","datePublished":"2023-05-31T12:49:05+00:00","dateModified":"2026-04-03T11:10:09+00:00","description":"SFS ChemicalSafety a 26 ans d'exp\u00e9rience dans la mise en \u0153uvre d'EMS \u00e0 l'\u00e9chelle de l'entreprise. En savoir plus sur la fa\u00e7on dont nous pouvons vous aider ici. En savoir plus sur la fa\u00e7on dont nous pouvons vous aider ici.","inLanguage":"fr-FR","potentialAction":[{"@type":"ReadAction","target":["https:\/\/chemicalsafety.com\/fr\/logiciel-ems-dentreprise\/"]}]},{"@type":"ImageObject","inLanguage":"fr-FR","@id":"https:\/\/chemicalsafety.com\/fr\/logiciel-ems-dentreprise\/#primaryimage","url":"https:\/\/chemicalsafety.com\/wp-content\/uploads\/2022\/10\/enterprise.png","contentUrl":"https:\/\/chemicalsafety.com\/wp-content\/uploads\/2022\/10\/enterprise.png"},{"@type":"WebSite","@id":"https:\/\/chemicalsafety.com\/fr\/#website","url":"https:\/\/chemicalsafety.com\/fr\/","name":"ChemicalSafety","description":"EH&amp;S Software","publisher":{"@id":"https:\/\/chemicalsafety.com\/fr\/#organization"},"alternateName":"Chemical Safety Software","potentialAction":[{"@type":"SearchAction","target":{"@type":"EntryPoint","urlTemplate":"https:\/\/chemicalsafety.com\/fr\/?s={search_term_string}"},"query-input":{"@type":"PropertyValueSpecification","valueRequired":true,"valueName":"search_term_string"}}],"inLanguage":"fr-FR"},{"@type":"Organization","@id":"https:\/\/chemicalsafety.com\/fr\/#organization","name":"ChemicalSafety","alternateName":"Chemical Safety Software","url":"https:\/\/chemicalsafety.com\/fr\/","logo":{"@type":"ImageObject","inLanguage":"fr-FR","@id":"https:\/\/chemicalsafety.com\/fr\/#\/schema\/logo\/image\/","url":"https:\/\/chemicalsafety.com\/wp-content\/uploads\/2018\/01\/logo4.png","contentUrl":"https:\/\/chemicalsafety.com\/wp-content\/uploads\/2018\/01\/logo4.png","width":100,"height":100,"caption":"ChemicalSafety"},"image":{"@id":"https:\/\/chemicalsafety.com\/fr\/#\/schema\/logo\/image\/"},"sameAs":["https:\/\/www.facebook.com\/Chemical-Safety-Software-1391503304442241\/","https:\/\/x.com\/chemsafeems","https:\/\/www.linkedin.com\/company\/chemical-safety-software\/","https:\/\/www.youtube.com\/channel\/UC3i_ZkwvVM2HnmO65fzFu4A"]}]}},"_links":{"self":[{"href":"https:\/\/chemicalsafety.com\/fr\/wp-json\/wp\/v2\/pages\/82569","targetHints":{"allow":["GET"]}}],"collection":[{"href":"https:\/\/chemicalsafety.com\/fr\/wp-json\/wp\/v2\/pages"}],"about":[{"href":"https:\/\/chemicalsafety.com\/fr\/wp-json\/wp\/v2\/types\/page"}],"author":[{"embeddable":true,"href":"https:\/\/chemicalsafety.com\/fr\/wp-json\/wp\/v2\/users\/1"}],"replies":[{"embeddable":true,"href":"https:\/\/chemicalsafety.com\/fr\/wp-json\/wp\/v2\/comments?post=82569"}],"version-history":[{"count":0,"href":"https:\/\/chemicalsafety.com\/fr\/wp-json\/wp\/v2\/pages\/82569\/revisions"}],"wp:attachment":[{"href":"https:\/\/chemicalsafety.com\/fr\/wp-json\/wp\/v2\/media?parent=82569"}],"curies":[{"name":"wp","href":"https:\/\/api.w.org\/{rel}","templated":true}]}}