{"id":82335,"date":"2023-05-30T00:03:40","date_gmt":"2023-05-30T07:03:40","guid":{"rendered":"https:\/\/chemicalsafety.com\/solucoes-da-industria-de-software-de-gerenciamento-de-ehs\/"},"modified":"2026-03-20T01:46:29","modified_gmt":"2026-03-20T08:46:29","slug":"solucoes-da-industria-de-software-de-gerenciamento-de-ehs","status":"publish","type":"page","link":"https:\/\/chemicalsafety.com\/pt-pt\/solucoes-da-industria-de-software-de-gerenciamento-de-ehs\/","title":{"rendered":"Solu\u00e7\u00f5es da ind\u00fastria de software de gerenciamento de EHS"},"content":{"rendered":"\n<div class=\"wp-block-group alignfull is-layout-flow wp-block-group-is-layout-flow\">\n<div class=\"wp-block-columns is-layout-flex wp-container-core-columns-is-layout-28f84493 wp-block-columns-is-layout-flex\">\n<div class=\"wp-block-column is-layout-flow wp-block-column-is-layout-flow\"><\/div>\n\n\n\n<div class=\"wp-block-column is-layout-flow wp-block-column-is-layout-flow\" style=\"flex-basis:50%\">\n<h1 class=\"wp-block-heading has-text-align-center has-large-font-size\" id=\"h-ehs-software-industry-solutions\">Solu\u00e7\u00f5es da ind\u00fastria de software EHS<\/h1>\n\n\n\n<p class=\"has-text-align-center\">O Sistema de Gest\u00e3o Ambiental (SGA) da ChemicalSafety \u00e9 a solu\u00e7\u00e3o original e mais completa em sa\u00fade e seguran\u00e7a ambiental para empresas, faculdades e universidades, e ag\u00eancias governamentais.<\/p>\n<\/div>\n\n\n\n<div class=\"wp-block-column is-layout-flow wp-block-column-is-layout-flow\"><\/div>\n<\/div>\n\n\n\n<div class=\"wp-block-columns features-page is-layout-flex wp-container-core-columns-is-layout-28f84493 wp-block-columns-is-layout-flex\">\n<div class=\"wp-block-column with-shadow rad is-layout-flow wp-block-column-is-layout-flow\">\n<figure class=\"wp-block-image size-large\"><img decoding=\"async\" src=\"https:\/\/chemicalsafety.com\/wp-content\/uploads\/2022\/10\/life-sciences-1.svg\" alt=\"Ci&#xEA;ncias da Vida\"\/><\/figure>\n\n\n\n<h2 class=\"wp-block-heading\" id=\"h-life-sciences\" style=\"font-size:1.3rem\">Ci\u00eancias da Vida<\/h2>\n\n\n\n<p>Visite nossa p\u00e1gina sobre o setor de Ci\u00eancias da Vida e saiba como a EMS pode ajudar a resolver muitos desafios relacionados a Meio Ambiente, Sa\u00fade e Seguran\u00e7a (EH&amp;S) espec\u00edficos do seu setor.<br\/> <a href=\"https:\/\/chemicalsafety.com\/pt-pt\/ciencias-da-vida\/\">Saber mais<\/a><\/p>\n<\/div>\n\n\n\n<div class=\"wp-block-column with-shadow rad is-layout-flow wp-block-column-is-layout-flow\">\n<figure class=\"wp-block-image size-large\"><img decoding=\"async\" src=\"https:\/\/chemicalsafety.com\/wp-content\/uploads\/2022\/10\/manufacturing-2.svg\" alt=\"Manufatura\"\/><\/figure>\n\n\n\n<h2 class=\"wp-block-heading\" id=\"h-manufacturing\" style=\"font-size:1.3rem\">Manufatura<\/h2>\n\n\n\n<p>Visite nossa p\u00e1gina de Manufatura e saiba como o SGA (Sistema de Gest\u00e3o Ambiental) da ChemicalSafety pode ajudar a resolver muitos desafios relacionados a Meio Ambiente, Sa\u00fade e Seguran\u00e7a.<br\/> <a href=\"https:\/\/chemicalsafety.com\/pt-pt\/manufatura\/\">Saber mais<\/a><\/p>\n<\/div>\n\n\n\n<div class=\"wp-block-column with-shadow rad is-layout-flow wp-block-column-is-layout-flow\">\n<figure class=\"wp-block-image size-large\"><img decoding=\"async\" src=\"https:\/\/chemicalsafety.com\/wp-content\/uploads\/2022\/10\/education.svg\" alt=\"Educa&#xE7;&#xE3;o\"\/><\/figure>\n\n\n\n<h2 class=\"wp-block-heading\" id=\"h-education\" style=\"font-size:1.3rem\">Educa\u00e7\u00e3o<\/h2>\n\n\n\n<p>Visite nossa p\u00e1gina sobre Ensino Superior e saiba como o EMS pode ajudar a resolver muitos desafios relacionados a Meio Ambiente, Sa\u00fade e Seguran\u00e7a (EH&amp;S) espec\u00edficos do seu setor.<br\/> <a href=\"https:\/\/chemicalsafety.com\/pt-pt\/ensino-superior\/\">Saber mais<\/a><\/p>\n<\/div>\n\n\n\n<div class=\"wp-block-column with-shadow rad is-layout-flow wp-block-column-is-layout-flow\">\n<figure class=\"wp-block-image size-large\"><img decoding=\"async\" src=\"https:\/\/chemicalsafety.com\/wp-content\/uploads\/2022\/10\/technology.svg\" alt=\"Tecnologia\"\/><\/figure>\n\n\n\n<h2 class=\"wp-block-heading\" id=\"h-technology\" style=\"font-size:1.3rem\">Tecnologia<\/h2>\n\n\n\n<p>Visite nossa p\u00e1gina sobre o setor de Tecnologia e saiba como o SGA (Sistema de Gest\u00e3o Ambiental) da ChemicalSafety pode ajudar a resolver muitos desafios de EHS (Sa\u00fade, Seguran\u00e7a e Meio Ambiente) espec\u00edficos do seu setor.<br\/> <a href=\"https:\/\/chemicalsafety.com\/pt-pt\/tecnologia\/\">Saber mais<\/a><\/p>\n<\/div>\n<\/div>\n\n<div class=\"wp-block-columns features-page is-layout-flex wp-container-core-columns-is-layout-28f84493 wp-block-columns-is-layout-flex\">\n<div class=\"wp-block-column with-shadow rad is-layout-flow wp-block-column-is-layout-flow\">\n<figure class=\"wp-block-image size-large\"><img decoding=\"async\" src=\"https:\/\/chemicalsafety.com\/wp-content\/uploads\/2022\/10\/goverment.svg\" alt=\"Governo\"\/><\/figure>\n\n\n\n<h2 class=\"wp-block-heading\" id=\"h-government\" style=\"font-size:1.3rem\">Governo<\/h2>\n\n\n\n<p>Visite nossa p\u00e1gina de Servi\u00e7os Governamentais e saiba como o SGA (Sistema de Gest\u00e3o Ambiental) da ChemicalSafety pode ajudar a resolver muitos desafios de EHS (Sa\u00fade, Seguran\u00e7a e Meio Ambiente) espec\u00edficos do seu setor.<br\/> <a href=\"https:\/\/chemicalsafety.com\/pt-pt\/governo\/\">Saber mais<\/a><\/p>\n<\/div>\n\n\n\n<div class=\"wp-block-column with-shadow rad is-layout-flow wp-block-column-is-layout-flow\">\n<figure class=\"wp-block-image size-large\"><img decoding=\"async\" src=\"https:\/\/chemicalsafety.com\/wp-content\/uploads\/2022\/10\/transportation-01-2.svg\" alt=\"TRANSPORTE\"\/><\/figure>\n\n\n\n<h2 class=\"wp-block-heading\" id=\"h-transportation\" style=\"font-size:1.3rem\">TRANSPORTE<\/h2>\n\n\n\n<p>Visite nossa p\u00e1gina sobre o setor de Transportes e saiba como a EMS pode ajudar a resolver muitos desafios de Meio Ambiente, Sa\u00fade e Seguran\u00e7a (EH&amp;S) espec\u00edficos do seu setor.<br\/> <a href=\"https:\/\/chemicalsafety.com\/pt-pt\/transporte\/\">Saber mais<\/a><\/p>\n<\/div>\n\n\n\n<div class=\"wp-block-column with-shadow rad is-layout-flow wp-block-column-is-layout-flow\">\n<figure class=\"wp-block-image size-large\"><img decoding=\"async\" src=\"https:\/\/chemicalsafety.com\/wp-content\/uploads\/2022\/10\/energy.svg\" alt=\"Energia\"\/><\/figure>\n\n\n\n<h2 class=\"wp-block-heading\" id=\"h-energy\" style=\"font-size:1.3rem\">Energia<\/h2>\n\n\n\n<p>Visite nossa p\u00e1gina sobre o setor de energia e saiba como o EMS da ChemicalSafety pode ajudar a resolver muitos desafios de EHS (Sa\u00fade, Seguran\u00e7a e Meio Ambiente) espec\u00edficos do seu setor.<br\/> <a href=\"https:\/\/chemicalsafety.com\/pt-pt\/energia\/\">Saber mais<\/a><\/p>\n<\/div>\n\n\n\n<div class=\"wp-block-column with-shadow rad is-layout-flow wp-block-column-is-layout-flow\">\n<figure class=\"wp-block-image size-large\"><img decoding=\"async\" src=\"https:\/\/chemicalsafety.com\/wp-content\/uploads\/2022\/10\/aerospace-2.svg\" alt=\"Aeroespacial\"\/><\/figure>\n\n\n\n<h2 class=\"wp-block-heading\" id=\"h-aerospace\" style=\"font-size:1.3rem\">Aeroespacial<\/h2>\n\n\n\n<p>Visite nossa p\u00e1gina sobre a ind\u00fastria aeroespacial e saiba como nosso sistema de gest\u00e3o ambiental (EMS) pode ajudar a solucionar diversos desafios relacionados a meio ambiente, sa\u00fade e seguran\u00e7a (EH&amp;S) espec\u00edficos do seu setor.<br\/> <a href=\"https:\/\/chemicalsafety.com\/pt-pt\/aeroespacial\/\">Saber mais<\/a><\/p>\n<\/div>\n<\/div>\n\n<div class=\"wp-block-columns features-page is-layout-flex wp-container-core-columns-is-layout-28f84493 wp-block-columns-is-layout-flex\">\n<div class=\"wp-block-column with-shadow rad is-layout-flow wp-block-column-is-layout-flow\">\n<figure class=\"wp-block-image size-large\"><img decoding=\"async\" src=\"https:\/\/chemicalsafety.com\/wp-content\/uploads\/2022\/10\/oil-and-gas.svg\" alt=\"\"\/><\/figure>\n\n\n\n<h2 class=\"wp-block-heading\" id=\"h-oil-amp-gas\" style=\"font-size:1.3rem\">G\u00e1s de petr\u00f3leo<\/h2>\n\n\n\n<p>Visite nossa p\u00e1gina sobre Petr\u00f3leo e G\u00e1s e saiba como o SGA (Sistema de Gest\u00e3o Ambiental) da ChemicalSafety pode ajudar a resolver muitos desafios de Meio Ambiente, Sa\u00fade e Seguran\u00e7a (EHS) espec\u00edficos do seu setor.<br\/> <a href=\"\/oil-and-gas\/\">Saber mais<\/a><\/p>\n<\/div>\n\n\n\n<div class=\"wp-block-column with-shadow rad is-layout-flow wp-block-column-is-layout-flow\">\n<figure class=\"wp-block-image size-large\"><img decoding=\"async\" src=\"https:\/\/chemicalsafety.com\/wp-content\/uploads\/2022\/10\/logistics.svg\" alt=\"\"\/><\/figure>\n\n\n\n<h2 class=\"wp-block-heading\" id=\"h-chemical-logistic\" style=\"font-size:1.3rem\">Log\u00edstica Qu\u00edmica<\/h2>\n\n\n\n<p>Visite nossa p\u00e1gina de Log\u00edstica Qu\u00edmica e saiba como o EMS pode ajudar a resolver muitos desafios de EHS (Sa\u00fade, Seguran\u00e7a e Meio Ambiente) espec\u00edficos do seu setor.<br\/> <a href=\"https:\/\/chemicalsafety.com\/pt-pt\/software-de-logistica-quimica\/\">Saber mais<\/a><\/p>\n<\/div>\n\n\n\n<div class=\"wp-block-column is-layout-flow wp-block-column-is-layout-flow\"><\/div>\n\n\n\n<div class=\"wp-block-column is-layout-flow wp-block-column-is-layout-flow\"><\/div>\n<\/div>\n<\/div>\n","protected":false},"excerpt":{"rendered":"<p>Solu\u00e7\u00f5es da ind\u00fastria de software EHS O Sistema de Gest\u00e3o Ambiental (SGA) da ChemicalSafety \u00e9 a solu\u00e7\u00e3o original e mais completa em sa\u00fade e seguran\u00e7a ambiental para empresas, faculdades e universidades, e ag\u00eancias governamentais.<\/p>\n","protected":false},"author":1,"featured_media":0,"parent":0,"menu_order":0,"comment_status":"closed","ping_status":"closed","template":"page-no-separators","meta":{"_eb_attr":"","_monsterinsights_skip_tracking":false,"_monsterinsights_sitenote_active":false,"_monsterinsights_sitenote_note":"","_monsterinsights_sitenote_category":0,"footnotes":""},"class_list":["post-82335","page","type-page","status-publish","hentry"],"yoast_head":"<!-- This site is optimized with the Yoast SEO Premium plugin v26.0 (Yoast SEO v26.0) - https:\/\/yoast.com\/wordpress\/plugins\/seo\/ -->\n<title>Solu\u00e7\u00f5es para a Ind\u00fastria de Software EHS | Seguran\u00e7a Qu\u00edmica<\/title>\n<meta name=\"description\" content=\"O software de gerenciamento de HSE da ChemicalSafety \u00e9 ideal para uma ampla variedade de setores, incluindo ci\u00eancias da vida, ensino superior, ag\u00eancias governamentais, militares, manufatura, tecnologia, transporte, energia e aeroespacial.\" \/>\n<meta name=\"robots\" content=\"index, follow, max-snippet:-1, max-image-preview:large, max-video-preview:-1\" \/>\n<link rel=\"canonical\" href=\"https:\/\/chemicalsafety.com\/pt-pt\/solucoes-da-industria-de-software-de-gerenciamento-de-ehs\/\" \/>\n<meta property=\"og:locale\" content=\"pt_PT\" \/>\n<meta property=\"og:type\" content=\"article\" \/>\n<meta property=\"og:title\" content=\"Solu\u00e7\u00f5es para a Ind\u00fastria de Software EHS | Seguran\u00e7a Qu\u00edmica\" \/>\n<meta property=\"og:description\" content=\"O software de gerenciamento de HSE da ChemicalSafety \u00e9 ideal para uma ampla variedade de setores, incluindo ci\u00eancias da vida, ensino superior, ag\u00eancias governamentais, militares, manufatura, tecnologia, transporte, energia e aeroespacial.\" \/>\n<meta property=\"og:url\" content=\"https:\/\/chemicalsafety.com\/pt-pt\/solucoes-da-industria-de-software-de-gerenciamento-de-ehs\/\" \/>\n<meta property=\"og:site_name\" content=\"ChemicalSafety\" \/>\n<meta property=\"article:publisher\" content=\"https:\/\/www.facebook.com\/Chemical-Safety-Software-1391503304442241\/\" \/>\n<meta property=\"article:modified_time\" content=\"2026-03-20T08:46:29+00:00\" \/>\n<meta property=\"og:image\" content=\"https:\/\/chemicalsafety.com\/wp-content\/uploads\/2023\/04\/facebook-image-no-image-post.jpg\" \/>\n\t<meta property=\"og:image:width\" content=\"1200\" \/>\n\t<meta property=\"og:image:height\" content=\"630\" \/>\n\t<meta property=\"og:image:type\" content=\"image\/jpeg\" \/>\n<meta name=\"twitter:card\" content=\"summary_large_image\" \/>\n<meta name=\"twitter:site\" content=\"@chemsafeems\" \/>\n<script type=\"application\/ld+json\" class=\"yoast-schema-graph\">{\"@context\":\"https:\/\/schema.org\",\"@graph\":[{\"@type\":\"WebPage\",\"@id\":\"https:\/\/chemicalsafety.com\/pt-pt\/solucoes-da-industria-de-software-de-gerenciamento-de-ehs\/\",\"url\":\"https:\/\/chemicalsafety.com\/pt-pt\/solucoes-da-industria-de-software-de-gerenciamento-de-ehs\/\",\"name\":\"Solu\u00e7\u00f5es para a Ind\u00fastria de Software EHS | Seguran\u00e7a Qu\u00edmica\",\"isPartOf\":{\"@id\":\"https:\/\/chemicalsafety.com\/pt-pt\/#website\"},\"datePublished\":\"2023-05-30T07:03:40+00:00\",\"dateModified\":\"2026-03-20T08:46:29+00:00\",\"description\":\"O software de gerenciamento de HSE da ChemicalSafety \u00e9 ideal para uma ampla variedade de setores, incluindo ci\u00eancias da vida, ensino superior, ag\u00eancias governamentais, militares, manufatura, tecnologia, transporte, energia e aeroespacial.\",\"inLanguage\":\"pt-PT\",\"potentialAction\":[{\"@type\":\"ReadAction\",\"target\":[\"https:\/\/chemicalsafety.com\/pt-pt\/solucoes-da-industria-de-software-de-gerenciamento-de-ehs\/\"]}]},{\"@type\":\"WebSite\",\"@id\":\"https:\/\/chemicalsafety.com\/pt-pt\/#website\",\"url\":\"https:\/\/chemicalsafety.com\/pt-pt\/\",\"name\":\"ChemicalSafety\",\"description\":\"EH&amp;S Software\",\"publisher\":{\"@id\":\"https:\/\/chemicalsafety.com\/pt-pt\/#organization\"},\"alternateName\":\"Chemical Safety Software\",\"potentialAction\":[{\"@type\":\"SearchAction\",\"target\":{\"@type\":\"EntryPoint\",\"urlTemplate\":\"https:\/\/chemicalsafety.com\/pt-pt\/?s={search_term_string}\"},\"query-input\":{\"@type\":\"PropertyValueSpecification\",\"valueRequired\":true,\"valueName\":\"search_term_string\"}}],\"inLanguage\":\"pt-PT\"},{\"@type\":\"Organization\",\"@id\":\"https:\/\/chemicalsafety.com\/pt-pt\/#organization\",\"name\":\"ChemicalSafety\",\"alternateName\":\"Chemical Safety Software\",\"url\":\"https:\/\/chemicalsafety.com\/pt-pt\/\",\"logo\":{\"@type\":\"ImageObject\",\"inLanguage\":\"pt-PT\",\"@id\":\"https:\/\/chemicalsafety.com\/pt-pt\/#\/schema\/logo\/image\/\",\"url\":\"https:\/\/chemicalsafety.com\/wp-content\/uploads\/2018\/01\/logo4.png\",\"contentUrl\":\"https:\/\/chemicalsafety.com\/wp-content\/uploads\/2018\/01\/logo4.png\",\"width\":100,\"height\":100,\"caption\":\"ChemicalSafety\"},\"image\":{\"@id\":\"https:\/\/chemicalsafety.com\/pt-pt\/#\/schema\/logo\/image\/\"},\"sameAs\":[\"https:\/\/www.facebook.com\/Chemical-Safety-Software-1391503304442241\/\",\"https:\/\/x.com\/chemsafeems\",\"https:\/\/www.linkedin.com\/company\/chemical-safety-software\/\",\"https:\/\/www.youtube.com\/channel\/UC3i_ZkwvVM2HnmO65fzFu4A\"]}]}<\/script>\n<!-- \/ Yoast SEO Premium plugin. -->","yoast_head_json":{"title":"Solu\u00e7\u00f5es para a Ind\u00fastria de Software EHS | Seguran\u00e7a Qu\u00edmica","description":"O software de gerenciamento de HSE da ChemicalSafety \u00e9 ideal para uma ampla variedade de setores, incluindo ci\u00eancias da vida, ensino superior, ag\u00eancias governamentais, militares, manufatura, tecnologia, transporte, energia e aeroespacial.","robots":{"index":"index","follow":"follow","max-snippet":"max-snippet:-1","max-image-preview":"max-image-preview:large","max-video-preview":"max-video-preview:-1"},"canonical":"https:\/\/chemicalsafety.com\/pt-pt\/solucoes-da-industria-de-software-de-gerenciamento-de-ehs\/","og_locale":"pt_PT","og_type":"article","og_title":"Solu\u00e7\u00f5es para a Ind\u00fastria de Software EHS | Seguran\u00e7a Qu\u00edmica","og_description":"O software de gerenciamento de HSE da ChemicalSafety \u00e9 ideal para uma ampla variedade de setores, incluindo ci\u00eancias da vida, ensino superior, ag\u00eancias governamentais, militares, manufatura, tecnologia, transporte, energia e aeroespacial.","og_url":"https:\/\/chemicalsafety.com\/pt-pt\/solucoes-da-industria-de-software-de-gerenciamento-de-ehs\/","og_site_name":"ChemicalSafety","article_publisher":"https:\/\/www.facebook.com\/Chemical-Safety-Software-1391503304442241\/","article_modified_time":"2026-03-20T08:46:29+00:00","og_image":[{"width":1200,"height":630,"url":"https:\/\/chemicalsafety.com\/wp-content\/uploads\/2023\/04\/facebook-image-no-image-post.jpg","type":"image\/jpeg"}],"twitter_card":"summary_large_image","twitter_site":"@chemsafeems","schema":{"@context":"https:\/\/schema.org","@graph":[{"@type":"WebPage","@id":"https:\/\/chemicalsafety.com\/pt-pt\/solucoes-da-industria-de-software-de-gerenciamento-de-ehs\/","url":"https:\/\/chemicalsafety.com\/pt-pt\/solucoes-da-industria-de-software-de-gerenciamento-de-ehs\/","name":"Solu\u00e7\u00f5es para a Ind\u00fastria de Software EHS | Seguran\u00e7a Qu\u00edmica","isPartOf":{"@id":"https:\/\/chemicalsafety.com\/pt-pt\/#website"},"datePublished":"2023-05-30T07:03:40+00:00","dateModified":"2026-03-20T08:46:29+00:00","description":"O software de gerenciamento de HSE da ChemicalSafety \u00e9 ideal para uma ampla variedade de setores, incluindo ci\u00eancias da vida, ensino superior, ag\u00eancias governamentais, militares, manufatura, tecnologia, transporte, energia e aeroespacial.","inLanguage":"pt-PT","potentialAction":[{"@type":"ReadAction","target":["https:\/\/chemicalsafety.com\/pt-pt\/solucoes-da-industria-de-software-de-gerenciamento-de-ehs\/"]}]},{"@type":"WebSite","@id":"https:\/\/chemicalsafety.com\/pt-pt\/#website","url":"https:\/\/chemicalsafety.com\/pt-pt\/","name":"ChemicalSafety","description":"EH&amp;S Software","publisher":{"@id":"https:\/\/chemicalsafety.com\/pt-pt\/#organization"},"alternateName":"Chemical Safety Software","potentialAction":[{"@type":"SearchAction","target":{"@type":"EntryPoint","urlTemplate":"https:\/\/chemicalsafety.com\/pt-pt\/?s={search_term_string}"},"query-input":{"@type":"PropertyValueSpecification","valueRequired":true,"valueName":"search_term_string"}}],"inLanguage":"pt-PT"},{"@type":"Organization","@id":"https:\/\/chemicalsafety.com\/pt-pt\/#organization","name":"ChemicalSafety","alternateName":"Chemical Safety Software","url":"https:\/\/chemicalsafety.com\/pt-pt\/","logo":{"@type":"ImageObject","inLanguage":"pt-PT","@id":"https:\/\/chemicalsafety.com\/pt-pt\/#\/schema\/logo\/image\/","url":"https:\/\/chemicalsafety.com\/wp-content\/uploads\/2018\/01\/logo4.png","contentUrl":"https:\/\/chemicalsafety.com\/wp-content\/uploads\/2018\/01\/logo4.png","width":100,"height":100,"caption":"ChemicalSafety"},"image":{"@id":"https:\/\/chemicalsafety.com\/pt-pt\/#\/schema\/logo\/image\/"},"sameAs":["https:\/\/www.facebook.com\/Chemical-Safety-Software-1391503304442241\/","https:\/\/x.com\/chemsafeems","https:\/\/www.linkedin.com\/company\/chemical-safety-software\/","https:\/\/www.youtube.com\/channel\/UC3i_ZkwvVM2HnmO65fzFu4A"]}]}},"_links":{"self":[{"href":"https:\/\/chemicalsafety.com\/pt-pt\/wp-json\/wp\/v2\/pages\/82335","targetHints":{"allow":["GET"]}}],"collection":[{"href":"https:\/\/chemicalsafety.com\/pt-pt\/wp-json\/wp\/v2\/pages"}],"about":[{"href":"https:\/\/chemicalsafety.com\/pt-pt\/wp-json\/wp\/v2\/types\/page"}],"author":[{"embeddable":true,"href":"https:\/\/chemicalsafety.com\/pt-pt\/wp-json\/wp\/v2\/users\/1"}],"replies":[{"embeddable":true,"href":"https:\/\/chemicalsafety.com\/pt-pt\/wp-json\/wp\/v2\/comments?post=82335"}],"version-history":[{"count":0,"href":"https:\/\/chemicalsafety.com\/pt-pt\/wp-json\/wp\/v2\/pages\/82335\/revisions"}],"wp:attachment":[{"href":"https:\/\/chemicalsafety.com\/pt-pt\/wp-json\/wp\/v2\/media?parent=82335"}],"curies":[{"name":"wp","href":"https:\/\/api.w.org\/{rel}","templated":true}]}}