{"id":82567,"date":"2023-05-31T05:47:52","date_gmt":"2023-05-31T12:47:52","guid":{"rendered":"https:\/\/chemicalsafety.com\/software-empresarial-ems\/"},"modified":"2026-04-03T04:16:06","modified_gmt":"2026-04-03T11:16:06","slug":"software-empresarial-ems","status":"publish","type":"page","link":"https:\/\/chemicalsafety.com\/pt-pt\/software-empresarial-ems\/","title":{"rendered":"Software empresarial EMS"},"content":{"rendered":"\n<div class=\"wp-block-group alignfull solutions-top-section has-background is-layout-flow wp-block-group-is-layout-flow\" style=\"background-color:#e9eff0;padding-bottom:2rem\">\n<div class=\"wp-block-columns are-vertically-aligned-center is-layout-flex wp-container-core-columns-is-layout-28f84493 wp-block-columns-is-layout-flex\">\n<div class=\"wp-block-column is-vertically-aligned-center is-layout-flow wp-block-column-is-layout-flow\">\n<h1 class=\"wp-block-heading\" id=\"h-ems-for-enterprise-management\" style=\"margin-bottom:1.5rem\">EMS para gerenciamento empresarial<\/h1>\n\n\n\n<p>O EMS for Enterprise Management \u00e9 uma solu\u00e7\u00e3o totalmente abrangente e personaliz\u00e1vel para opera\u00e7\u00f5es de grande escala. Todos os m\u00f3dulos EMS est\u00e3o inclu\u00eddos, <a href=\"https:\/\/chemicalsafety.com\/chemical-inventory-tracking-software\/\">Gerenciamento de Invent\u00e1rio Qu\u00edmico<\/a> , <a href=\"https:\/\/chemicalsafety.com\/msds-database\/\">Rotulagem SDS e GHS<\/a> , <a href=\"https:\/\/chemicalsafety.com\/pt-pt\/software-de-gestao-de-residuos-perigosos\/\">Gerenciamento de Res\u00edduos Perigosos<\/a> , <a href=\"https:\/\/chemicalsafety.com\/pt-pt\/radioisotope-tracking\/\">Sistema de Rastreamento de Radiois\u00f3topos<\/a> , <a href=\"https:\/\/chemicalsafety.com\/pt-pt\/seguranca-e-conformidade-das-instalacoes\/\">Seguran\u00e7a e Conformidade das Instala\u00e7\u00f5es<\/a> , <a href=\"https:\/\/chemicalsafety.com\/pt-pt\/relatorios-regulatorios\/\">Conformidade Ambiental<\/a> e <a href=\"https:\/\/chemicalsafety.com\/pt-pt\/seguranca-no-local-de-trabalho-dos-funcionarios\/\">Seguran\u00e7a no Local de Trabalho do Funcion\u00e1rio<\/a> , bem como integra\u00e7\u00e3o de software, vis\u00f5es globais de v\u00e1rias instala\u00e7\u00f5es, planejamento de recursos , e mais. <\/p>\n<\/div>\n\n\n\n<div class=\"wp-block-column is-vertically-aligned-center is-layout-flow wp-block-column-is-layout-flow\">\n<figure class=\"wp-block-image size-large hide-small\"><img decoding=\"async\" src=\"https:\/\/chemicalsafety.com\/wp-content\/uploads\/2022\/10\/enterprise.png\" alt=\"Empreendimento\"\/><\/figure>\n<\/div>\n<\/div>\n<\/div>\n\n<div class=\"wp-block-group alignfull is-layout-flow wp-block-group-is-layout-flow\">\n<div class=\"wp-block-columns are-vertically-aligned-center is-layout-flex wp-container-core-columns-is-layout-28f84493 wp-block-columns-is-layout-flex\">\n<div class=\"wp-block-column is-vertically-aligned-center hide-small is-layout-flow wp-block-column-is-layout-flow\">\n<figure class=\"wp-block-image size-large\"><img decoding=\"async\" src=\"https:\/\/chemicalsafety.com\/wp-content\/uploads\/2022\/10\/enterprise-1.png\" alt=\"\"\/><\/figure>\n<\/div>\n\n\n\n<div class=\"wp-block-column is-vertically-aligned-center is-layout-flow wp-block-column-is-layout-flow\">\n<h2 class=\"wp-block-heading has-text-align-center\" id=\"h-integrations\">Integra\u00e7\u00f5es<\/h2>\n\n\n\n<p class=\"has-text-align-center\">Um dos principais componentes da implanta\u00e7\u00e3o de um software corporativo de EHS bem-sucedido \u00e9 a integra\u00e7\u00e3o dos sistemas de clientes existentes com nosso software EMS usando Interfaces de Programa\u00e7\u00e3o de Aplicativos (APIs). As APIs conectam e comunicam elementos de dados entre software e bancos de dados para trocar informa\u00e7\u00f5es para fun\u00e7\u00f5es cr\u00edticas de neg\u00f3cios.<\/p>\n\n\n\n<p class=\"has-text-align-center\"><a href=\"https:\/\/chemicalsafety.com\/pt-pt\/integracoes-personalizadas-de-ehs\/\">Saiba mais<\/a><\/p>\n<\/div>\n<\/div>\n\n\n\n<div class=\"wp-block-columns are-vertically-aligned-center is-layout-flex wp-container-core-columns-is-layout-28f84493 wp-block-columns-is-layout-flex\">\n<div class=\"wp-block-column is-vertically-aligned-center is-layout-flow wp-block-column-is-layout-flow\">\n<p class=\"has-text-align-center\">O ChemicalSafety usa interfaces integradas para transferir elementos de dados existentes do Invent\u00e1rio Qu\u00edmico, SDS&lt; Res\u00edduos, Localiza\u00e7\u00e3o, Funcion\u00e1rio e outros bancos de dados que agilizam a implanta\u00e7\u00e3o e melhoram drasticamente a precis\u00e3o dos dados.<\/p>\n<\/div>\n\n\n\n<div class=\"wp-block-column is-vertically-aligned-center hide-small is-layout-flow wp-block-column-is-layout-flow\">\n<figure class=\"wp-block-image size-large\"><img decoding=\"async\" src=\"https:\/\/chemicalsafety.com\/wp-content\/uploads\/2022\/10\/enterprise-2.png\" alt=\"\"\/><\/figure>\n<\/div>\n<\/div>\n\n\n\n<div class=\"wp-block-columns are-vertically-aligned-center is-layout-flex wp-container-core-columns-is-layout-28f84493 wp-block-columns-is-layout-flex\">\n<div class=\"wp-block-column is-vertically-aligned-center hide-small is-layout-flow wp-block-column-is-layout-flow\">\n<figure class=\"wp-block-image size-large\"><img decoding=\"async\" src=\"https:\/\/chemicalsafety.com\/wp-content\/uploads\/2022\/10\/enterprise-customers.png\" alt=\"\"\/><\/figure>\n<\/div>\n\n\n\n<div class=\"wp-block-column is-vertically-aligned-center is-layout-flow wp-block-column-is-layout-flow\">\n<p class=\"has-text-align-center\">A ChemicalSafety ajudou as organiza\u00e7\u00f5es a conectar aplicativos de ERP como SAP, Oracle PeopleSoft, EPICOR e outros para trocar elementos de dados de funcion\u00e1rios e compras. Interfaces de API semelhantes foram criadas para Sistemas de Gerenciamento de Informa\u00e7\u00f5es de Laborat\u00f3rio (LIMS), Sistemas de Gerenciamento de Risco, sistemas de relat\u00f3rios governamentais e outros.<\/p>\n<\/div>\n<\/div>\n<\/div>\n\n<div class=\"wp-block-group alignfull is-layout-flow wp-block-group-is-layout-flow\">\n<div class=\"wp-block-columns is-layout-flex wp-container-core-columns-is-layout-28f84493 wp-block-columns-is-layout-flex\">\n<div class=\"wp-block-column is-layout-flow wp-block-column-is-layout-flow\">\n<div class=\"wp-block-columns are-vertically-aligned-center is-layout-flex wp-container-core-columns-is-layout-28f84493 wp-block-columns-is-layout-flex\">\n<div class=\"wp-block-column is-vertically-aligned-center is-layout-flow wp-block-column-is-layout-flow\">\n<h2 class=\"wp-block-heading has-text-align-left\" id=\"h-our-enterprise-customers-nbsp\">Nossos Clientes Corporativos <\/h2>\n\n\n\n<p class=\"has-text-align-left\">Muitas das organiza\u00e7\u00f5es l\u00edderes mundiais confiam no software EMS da ChemicalSafety para ajudar a gerir as suas opera\u00e7\u00f5es EHS. <\/p>\n\n\n\n<div class=\"wp-block-essential-blocks-button cbtn-action hide-small\"><div class=\"eb-parent-wrapper eb-parent-eb-button-46uzmt3 \"><div class=\"eb-button-wrapper eb-button-alignment eb-button-46uzmt3\"><div class=\"eb-button\"><a class=\"eb-button-anchor\" href=\"https:\/\/chemicalsafety.com\/our-clients\/\" rel=\"noopener\">Ver todos os clientes<\/a><\/div><\/div><\/div><\/div>\n<\/div>\n\n\n\n<div class=\"wp-block-column is-vertically-aligned-center is-layout-flow wp-block-column-is-layout-flow\" style=\"flex-basis:65%\">\n<figure class=\"wp-block-image size-large\"><img decoding=\"async\" src=\"https:\/\/chemicalsafety.com\/wp-content\/uploads\/2022\/10\/enterprise-logo-clients.png\" alt=\"\"\/><\/figure>\n\n\n\n<div class=\"wp-block-essential-blocks-button cbtn-action hide-l\"><div class=\"eb-parent-wrapper eb-parent-eb-button-ki6f5qu \"><div class=\"eb-button-wrapper eb-button-alignment eb-button-ki6f5qu\"><div class=\"eb-button\"><a class=\"eb-button-anchor\" href=\"https:\/\/chemicalsafety.com\/our-clients\/\" rel=\"noopener\">Ver todos os clientes<\/a><\/div><\/div><\/div><\/div>\n<\/div>\n<\/div>\n<\/div>\n<\/div>\n<\/div>\n\n<div class=\"wp-block-group alignfull home-banner-call is-layout-flow wp-block-group-is-layout-flow\" style=\"padding-top:4rem\">\n<div class=\"wp-block-columns are-vertically-aligned-center has-background is-layout-flex wp-container-core-columns-is-layout-bc4f5def wp-block-columns-is-layout-flex\" style=\"background-color:#e9eff0;padding-top:5rem;padding-right:5rem;padding-bottom:5rem;padding-left:5rem\">\n<div class=\"wp-block-column is-vertically-aligned-center is-layout-flow wp-block-column-is-layout-flow\" style=\"flex-basis:70%\">\n<h2 class=\"wp-block-heading\" id=\"h-industry-specific-solutions-accelerate-implementation-timelines\">Solu\u00e7\u00f5es espec\u00edficas para o setor Acelerar<br\/>Cronogramas de implementa\u00e7\u00e3o<\/h2>\n<\/div>\n\n\n\n<div class=\"wp-block-column is-vertically-aligned-center is-layout-flow wp-block-column-is-layout-flow\">\n<div class=\"wp-block-essential-blocks-button popmake-74335\"><div class=\"eb-parent-wrapper eb-parent-eb-button-renjftq \"><div class=\"eb-button-wrapper eb-button-alignment eb-button-renjftq\"><div class=\"eb-button\"><a class=\"eb-button-anchor\" href=\"request-a-demo-popup\" rel=\"noopener\">Solicite uma demonstra\u00e7\u00e3o ao vivo<\/a><\/div><\/div><\/div><\/div>\n<\/div>\n<\/div>\n<\/div>\n","protected":false},"excerpt":{"rendered":"<p>EMS para gerenciamento empresarial O EMS for Enterprise Management \u00e9 uma solu\u00e7\u00e3o totalmente abrangente e personaliz\u00e1vel para opera\u00e7\u00f5es de grande escala. Todos os m\u00f3dulos EMS est\u00e3o inclu\u00eddos, Gerenciamento de Invent\u00e1rio Qu\u00edmico , Rotulagem SDS e GHS , Gerenciamento de Res\u00edduos Perigosos , Sistema de Rastreamento de Radiois\u00f3topos , Seguran\u00e7a e Conformidade das Instala\u00e7\u00f5es , Conformidade [&hellip;]<\/p>\n","protected":false},"author":1,"featured_media":0,"parent":0,"menu_order":0,"comment_status":"closed","ping_status":"open","template":"solutions-page","meta":{"_eb_attr":"","_monsterinsights_skip_tracking":false,"_monsterinsights_sitenote_active":false,"_monsterinsights_sitenote_note":"","_monsterinsights_sitenote_category":0,"footnotes":""},"class_list":["post-82567","page","type-page","status-publish","hentry"],"yoast_head":"<!-- This site is optimized with the Yoast SEO Premium plugin v26.0 (Yoast SEO v26.0) - https:\/\/yoast.com\/wordpress\/plugins\/seo\/ -->\n<title>Software empresarial EMS<\/title>\n<meta name=\"description\" content=\"A SFS Chemical Safety tem 26 anos de experi\u00eancia em implementa\u00e7\u00e3o de EMS em toda a empresa. Saiba mais sobre como podemos ajudar aqui.\" \/>\n<meta name=\"robots\" content=\"index, follow, max-snippet:-1, max-image-preview:large, max-video-preview:-1\" \/>\n<link rel=\"canonical\" href=\"https:\/\/chemicalsafety.com\/pt-pt\/software-empresarial-ems\/\" \/>\n<meta property=\"og:locale\" content=\"pt_PT\" \/>\n<meta property=\"og:type\" content=\"article\" \/>\n<meta property=\"og:title\" content=\"Software empresarial EMS\" \/>\n<meta property=\"og:description\" content=\"A SFS Chemical Safety tem 26 anos de experi\u00eancia em implementa\u00e7\u00e3o de EMS em toda a empresa. Saiba mais sobre como podemos ajudar aqui.\" \/>\n<meta property=\"og:url\" content=\"https:\/\/chemicalsafety.com\/pt-pt\/software-empresarial-ems\/\" \/>\n<meta property=\"og:site_name\" content=\"ChemicalSafety\" \/>\n<meta property=\"article:publisher\" content=\"https:\/\/www.facebook.com\/Chemical-Safety-Software-1391503304442241\/\" \/>\n<meta property=\"article:modified_time\" content=\"2026-04-03T11:16:06+00:00\" \/>\n<meta property=\"og:image\" content=\"https:\/\/chemicalsafety.com\/wp-content\/uploads\/2022\/10\/enterprise.png\" \/>\n<meta name=\"twitter:card\" content=\"summary_large_image\" \/>\n<meta name=\"twitter:site\" content=\"@chemsafeems\" \/>\n<meta name=\"twitter:label1\" content=\"Tempo estimado de leitura\" \/>\n\t<meta name=\"twitter:data1\" content=\"2 minutos\" \/>\n<script type=\"application\/ld+json\" class=\"yoast-schema-graph\">{\"@context\":\"https:\/\/schema.org\",\"@graph\":[{\"@type\":\"WebPage\",\"@id\":\"https:\/\/chemicalsafety.com\/pt-pt\/software-empresarial-ems\/\",\"url\":\"https:\/\/chemicalsafety.com\/pt-pt\/software-empresarial-ems\/\",\"name\":\"Software empresarial EMS\",\"isPartOf\":{\"@id\":\"https:\/\/chemicalsafety.com\/pt-pt\/#website\"},\"primaryImageOfPage\":{\"@id\":\"https:\/\/chemicalsafety.com\/pt-pt\/software-empresarial-ems\/#primaryimage\"},\"image\":{\"@id\":\"https:\/\/chemicalsafety.com\/pt-pt\/software-empresarial-ems\/#primaryimage\"},\"thumbnailUrl\":\"https:\/\/chemicalsafety.com\/wp-content\/uploads\/2022\/10\/enterprise.png\",\"datePublished\":\"2023-05-31T12:47:52+00:00\",\"dateModified\":\"2026-04-03T11:16:06+00:00\",\"description\":\"A SFS Chemical Safety tem 26 anos de experi\u00eancia em implementa\u00e7\u00e3o de EMS em toda a empresa. Saiba mais sobre como podemos ajudar aqui.\",\"inLanguage\":\"pt-PT\",\"potentialAction\":[{\"@type\":\"ReadAction\",\"target\":[\"https:\/\/chemicalsafety.com\/pt-pt\/software-empresarial-ems\/\"]}]},{\"@type\":\"ImageObject\",\"inLanguage\":\"pt-PT\",\"@id\":\"https:\/\/chemicalsafety.com\/pt-pt\/software-empresarial-ems\/#primaryimage\",\"url\":\"https:\/\/chemicalsafety.com\/wp-content\/uploads\/2022\/10\/enterprise.png\",\"contentUrl\":\"https:\/\/chemicalsafety.com\/wp-content\/uploads\/2022\/10\/enterprise.png\"},{\"@type\":\"WebSite\",\"@id\":\"https:\/\/chemicalsafety.com\/pt-pt\/#website\",\"url\":\"https:\/\/chemicalsafety.com\/pt-pt\/\",\"name\":\"ChemicalSafety\",\"description\":\"EH&amp;S Software\",\"publisher\":{\"@id\":\"https:\/\/chemicalsafety.com\/pt-pt\/#organization\"},\"alternateName\":\"Chemical Safety Software\",\"potentialAction\":[{\"@type\":\"SearchAction\",\"target\":{\"@type\":\"EntryPoint\",\"urlTemplate\":\"https:\/\/chemicalsafety.com\/pt-pt\/?s={search_term_string}\"},\"query-input\":{\"@type\":\"PropertyValueSpecification\",\"valueRequired\":true,\"valueName\":\"search_term_string\"}}],\"inLanguage\":\"pt-PT\"},{\"@type\":\"Organization\",\"@id\":\"https:\/\/chemicalsafety.com\/pt-pt\/#organization\",\"name\":\"ChemicalSafety\",\"alternateName\":\"Chemical Safety Software\",\"url\":\"https:\/\/chemicalsafety.com\/pt-pt\/\",\"logo\":{\"@type\":\"ImageObject\",\"inLanguage\":\"pt-PT\",\"@id\":\"https:\/\/chemicalsafety.com\/pt-pt\/#\/schema\/logo\/image\/\",\"url\":\"https:\/\/chemicalsafety.com\/wp-content\/uploads\/2018\/01\/logo4.png\",\"contentUrl\":\"https:\/\/chemicalsafety.com\/wp-content\/uploads\/2018\/01\/logo4.png\",\"width\":100,\"height\":100,\"caption\":\"ChemicalSafety\"},\"image\":{\"@id\":\"https:\/\/chemicalsafety.com\/pt-pt\/#\/schema\/logo\/image\/\"},\"sameAs\":[\"https:\/\/www.facebook.com\/Chemical-Safety-Software-1391503304442241\/\",\"https:\/\/x.com\/chemsafeems\",\"https:\/\/www.linkedin.com\/company\/chemical-safety-software\/\",\"https:\/\/www.youtube.com\/channel\/UC3i_ZkwvVM2HnmO65fzFu4A\"]}]}<\/script>\n<!-- \/ Yoast SEO Premium plugin. -->","yoast_head_json":{"title":"Software empresarial EMS","description":"A SFS Chemical Safety tem 26 anos de experi\u00eancia em implementa\u00e7\u00e3o de EMS em toda a empresa. Saiba mais sobre como podemos ajudar aqui.","robots":{"index":"index","follow":"follow","max-snippet":"max-snippet:-1","max-image-preview":"max-image-preview:large","max-video-preview":"max-video-preview:-1"},"canonical":"https:\/\/chemicalsafety.com\/pt-pt\/software-empresarial-ems\/","og_locale":"pt_PT","og_type":"article","og_title":"Software empresarial EMS","og_description":"A SFS Chemical Safety tem 26 anos de experi\u00eancia em implementa\u00e7\u00e3o de EMS em toda a empresa. Saiba mais sobre como podemos ajudar aqui.","og_url":"https:\/\/chemicalsafety.com\/pt-pt\/software-empresarial-ems\/","og_site_name":"ChemicalSafety","article_publisher":"https:\/\/www.facebook.com\/Chemical-Safety-Software-1391503304442241\/","article_modified_time":"2026-04-03T11:16:06+00:00","og_image":[{"url":"https:\/\/chemicalsafety.com\/wp-content\/uploads\/2022\/10\/enterprise.png","type":"","width":"","height":""}],"twitter_card":"summary_large_image","twitter_site":"@chemsafeems","twitter_misc":{"Tempo estimado de leitura":"2 minutos"},"schema":{"@context":"https:\/\/schema.org","@graph":[{"@type":"WebPage","@id":"https:\/\/chemicalsafety.com\/pt-pt\/software-empresarial-ems\/","url":"https:\/\/chemicalsafety.com\/pt-pt\/software-empresarial-ems\/","name":"Software empresarial EMS","isPartOf":{"@id":"https:\/\/chemicalsafety.com\/pt-pt\/#website"},"primaryImageOfPage":{"@id":"https:\/\/chemicalsafety.com\/pt-pt\/software-empresarial-ems\/#primaryimage"},"image":{"@id":"https:\/\/chemicalsafety.com\/pt-pt\/software-empresarial-ems\/#primaryimage"},"thumbnailUrl":"https:\/\/chemicalsafety.com\/wp-content\/uploads\/2022\/10\/enterprise.png","datePublished":"2023-05-31T12:47:52+00:00","dateModified":"2026-04-03T11:16:06+00:00","description":"A SFS Chemical Safety tem 26 anos de experi\u00eancia em implementa\u00e7\u00e3o de EMS em toda a empresa. Saiba mais sobre como podemos ajudar aqui.","inLanguage":"pt-PT","potentialAction":[{"@type":"ReadAction","target":["https:\/\/chemicalsafety.com\/pt-pt\/software-empresarial-ems\/"]}]},{"@type":"ImageObject","inLanguage":"pt-PT","@id":"https:\/\/chemicalsafety.com\/pt-pt\/software-empresarial-ems\/#primaryimage","url":"https:\/\/chemicalsafety.com\/wp-content\/uploads\/2022\/10\/enterprise.png","contentUrl":"https:\/\/chemicalsafety.com\/wp-content\/uploads\/2022\/10\/enterprise.png"},{"@type":"WebSite","@id":"https:\/\/chemicalsafety.com\/pt-pt\/#website","url":"https:\/\/chemicalsafety.com\/pt-pt\/","name":"ChemicalSafety","description":"EH&amp;S Software","publisher":{"@id":"https:\/\/chemicalsafety.com\/pt-pt\/#organization"},"alternateName":"Chemical Safety Software","potentialAction":[{"@type":"SearchAction","target":{"@type":"EntryPoint","urlTemplate":"https:\/\/chemicalsafety.com\/pt-pt\/?s={search_term_string}"},"query-input":{"@type":"PropertyValueSpecification","valueRequired":true,"valueName":"search_term_string"}}],"inLanguage":"pt-PT"},{"@type":"Organization","@id":"https:\/\/chemicalsafety.com\/pt-pt\/#organization","name":"ChemicalSafety","alternateName":"Chemical Safety Software","url":"https:\/\/chemicalsafety.com\/pt-pt\/","logo":{"@type":"ImageObject","inLanguage":"pt-PT","@id":"https:\/\/chemicalsafety.com\/pt-pt\/#\/schema\/logo\/image\/","url":"https:\/\/chemicalsafety.com\/wp-content\/uploads\/2018\/01\/logo4.png","contentUrl":"https:\/\/chemicalsafety.com\/wp-content\/uploads\/2018\/01\/logo4.png","width":100,"height":100,"caption":"ChemicalSafety"},"image":{"@id":"https:\/\/chemicalsafety.com\/pt-pt\/#\/schema\/logo\/image\/"},"sameAs":["https:\/\/www.facebook.com\/Chemical-Safety-Software-1391503304442241\/","https:\/\/x.com\/chemsafeems","https:\/\/www.linkedin.com\/company\/chemical-safety-software\/","https:\/\/www.youtube.com\/channel\/UC3i_ZkwvVM2HnmO65fzFu4A"]}]}},"_links":{"self":[{"href":"https:\/\/chemicalsafety.com\/pt-pt\/wp-json\/wp\/v2\/pages\/82567","targetHints":{"allow":["GET"]}}],"collection":[{"href":"https:\/\/chemicalsafety.com\/pt-pt\/wp-json\/wp\/v2\/pages"}],"about":[{"href":"https:\/\/chemicalsafety.com\/pt-pt\/wp-json\/wp\/v2\/types\/page"}],"author":[{"embeddable":true,"href":"https:\/\/chemicalsafety.com\/pt-pt\/wp-json\/wp\/v2\/users\/1"}],"replies":[{"embeddable":true,"href":"https:\/\/chemicalsafety.com\/pt-pt\/wp-json\/wp\/v2\/comments?post=82567"}],"version-history":[{"count":0,"href":"https:\/\/chemicalsafety.com\/pt-pt\/wp-json\/wp\/v2\/pages\/82567\/revisions"}],"wp:attachment":[{"href":"https:\/\/chemicalsafety.com\/pt-pt\/wp-json\/wp\/v2\/media?parent=82567"}],"curies":[{"name":"wp","href":"https:\/\/api.w.org\/{rel}","templated":true}]}}